{"id":13794,"date":"2026-01-23T12:42:03","date_gmt":"2026-01-23T11:42:03","guid":{"rendered":"https:\/\/www.luuks.nl\/umtauschen-oder-zurueckgeben\/"},"modified":"2026-02-19T13:23:17","modified_gmt":"2026-02-19T12:23:17","slug":"umtauschen-oder-zurueckgeben","status":"publish","type":"page","link":"https:\/\/www.luuks.nl\/de\/umtauschen-oder-zurueckgeben\/","title":{"rendered":"Umtauschen oder zur\u00fcckgeben"},"content":{"rendered":"\t\t<div data-elementor-type=\"wp-page\" data-elementor-id=\"13794\" class=\"elementor elementor-13794 elementor-5614\" data-elementor-post-type=\"page\">\n\t\t\t\t<div class=\"elementor-element elementor-element-1e5aa4ff pad-l e-flex e-con-boxed e-con e-parent\" data-id=\"1e5aa4ff\" data-element_type=\"container\" data-e-type=\"container\" data-settings=\"{&quot;background_background&quot;:&quot;classic&quot;,&quot;animation&quot;:&quot;none&quot;}\">\n\t\t\t\t\t<div class=\"e-con-inner\">\n\t\t\t\t<div class=\"elementor-element elementor-element-5f8023e5 elementor-widget elementor-widget-heading\" data-id=\"5f8023e5\" data-element_type=\"widget\" data-e-type=\"widget\" data-widget_type=\"heading.default\">\n\t\t\t\t<div class=\"elementor-widget-container\">\n\t\t\t\t\t<div class=\"elementor-heading-title elementor-size-default\">Luuks<\/div>\t\t\t\t<\/div>\n\t\t\t\t<\/div>\n\t\t\t\t<div class=\"elementor-element elementor-element-5fc9f7b0 elementor-widget__width-initial elementor-widget elementor-widget-heading\" data-id=\"5fc9f7b0\" data-element_type=\"widget\" data-e-type=\"widget\" data-widget_type=\"heading.default\">\n\t\t\t\t<div class=\"elementor-widget-container\">\n\t\t\t\t\t<h1 class=\"elementor-heading-title elementor-size-default\">Umtauschen oder zur\u00fcckgeben<\/h1>\t\t\t\t<\/div>\n\t\t\t\t<\/div>\n\t\t\t\t\t<\/div>\n\t\t\t\t<\/div>\n\t\t<div class=\"elementor-element elementor-element-481f70e pad-s e-flex e-con-boxed e-con e-parent\" data-id=\"481f70e\" data-element_type=\"container\" data-e-type=\"container\">\n\t\t\t\t\t<div class=\"e-con-inner\">\n\t\t\t\t<div class=\"elementor-element elementor-element-68fa9ce elementor-widget elementor-widget-text-editor\" data-id=\"68fa9ce\" data-element_type=\"widget\" data-e-type=\"widget\" data-widget_type=\"text-editor.default\">\n\t\t\t\t<div class=\"elementor-widget-container\">\n\t\t\t\t\t\t\t\t\t<p>Wir m\u00f6chten, dass du mit deinem Einkauf bei LUUKS vollkommen zufrieden bist.<br>Solltest du aus irgendeinem Grund nicht vollst\u00e4ndig zufrieden sein, kannst du deine Artikel selbstverst\u00e4ndlich umtauschen oder zur\u00fcckgeben.  <\/p>\t\t\t\t\t\t\t\t<\/div>\n\t\t\t\t<\/div>\n\t\t<div class=\"elementor-element elementor-element-40c6890 e-con-full e-flex e-con e-child\" data-id=\"40c6890\" data-element_type=\"container\" data-e-type=\"container\">\n\t\t\t\t<div class=\"elementor-element elementor-element-9577a2b elementor-widget elementor-widget-heading\" data-id=\"9577a2b\" data-element_type=\"widget\" data-e-type=\"widget\" data-widget_type=\"heading.default\">\n\t\t\t\t<div class=\"elementor-widget-container\">\n\t\t\t\t\t<h2 class=\"elementor-heading-title elementor-size-default\">R\u00fccksendungen<\/h2>\t\t\t\t<\/div>\n\t\t\t\t<\/div>\n\t\t\t\t<\/div>\n\t\t\t\t<div class=\"elementor-element elementor-element-3ce81ca8 elementor-widget elementor-widget-text-editor\" data-id=\"3ce81ca8\" data-element_type=\"widget\" data-e-type=\"widget\" data-widget_type=\"text-editor.default\">\n\t\t\t\t<div class=\"elementor-widget-container\">\n\t\t\t\t\t\t\t\t\t<p>M\u00f6chtest du einen Artikel zur\u00fccksenden? Bitte kontaktiere uns innerhalb von 7 Tagen nach Erhalt deiner Bestellung unter <a href=\"mailto:support@luuks.nl\">support@luuks.nl<\/a>.<br>Wir bitten dich, R\u00fccksendungen innerhalb von 14 Tagen nach Lieferung an uns zur\u00fcckzusenden \u2014 in der Originalverpackung, ungetragen und mit allen Originaletiketten. Lege bitte eine Kopie der Rechnung deiner R\u00fccksendung bei.    <\/p><p>R\u00fccksendungen erfolgen auf eigene Kosten und eigenes Risiko. Wir empfehlen, eine Versandmethode mit Track &amp; Trace zu verwenden <\/p><p><strong>R\u00fccksendungen au\u00dferhalb der EU<\/strong><\/p><p>Wohnst du au\u00dferhalb der Europ\u00e4ischen Union? Bitte gib auf dem Zollformular deutlich an, dass es sich um eine \u201ereturned commercial sample with no commercial value\u201c handelt, und lege eine Kopie der Originalrechnung bei.  Wenn dies nicht korrekt angegeben ist, gehen eventuell anfallende Einfuhrz\u00f6lle oder Zollgeb\u00fchren zu deinen Lasten.<\/p>\t\t\t\t\t\t\t\t<\/div>\n\t\t\t\t<\/div>\n\t\t\t\t<div class=\"elementor-element elementor-element-ab235ff elementor-widget elementor-widget-heading\" data-id=\"ab235ff\" data-element_type=\"widget\" data-e-type=\"widget\" data-widget_type=\"heading.default\">\n\t\t\t\t<div class=\"elementor-widget-container\">\n\t\t\t\t\t<h2 class=\"elementor-heading-title elementor-size-default\">Umtausch<\/h2>\t\t\t\t<\/div>\n\t\t\t\t<\/div>\n\t\t\t\t<div class=\"elementor-element elementor-element-900b563 elementor-widget elementor-widget-text-editor\" data-id=\"900b563\" data-element_type=\"widget\" data-e-type=\"widget\" data-widget_type=\"text-editor.default\">\n\t\t\t\t<div class=\"elementor-widget-container\">\n\t\t\t\t\t\t\t\t\t<p>M\u00f6chtest du einen Artikel umtauschen? Bitte informiere uns innerhalb von 7 Tagen nach Erhalt deiner Bestellung per E-Mail an support@luuks.nl. Der Umtausch erfolgt je nach Verf\u00fcgbarkeit. Wenn du eine andere Gr\u00f6\u00dfe w\u00fcnschst, reservieren wir den Artikel gerne f\u00fcr dich, sofern er vorr\u00e4tig ist. Der Umtauschartikel wird versendet, sobald wir deine R\u00fccksendung erhalten und gepr\u00fcft haben.   <\/p>\t\t\t\t\t\t\t\t<\/div>\n\t\t\t\t<\/div>\n\t\t<div class=\"elementor-element elementor-element-1eaf6e7 e-con-full e-flex e-con e-child\" data-id=\"1eaf6e7\" data-element_type=\"container\" data-e-type=\"container\">\n\t\t\t\t<\/div>\n\t\t\t\t\t<\/div>\n\t\t\t\t<\/div>\n\t\t\t\t<\/div>\n\t\t","protected":false},"excerpt":{"rendered":"<p>Luuks Umtauschen oder zur\u00fcckgeben Wir m\u00f6chten, dass du mit deinem Einkauf bei LUUKS vollkommen zufrieden bist.Solltest du aus irgendeinem Grund nicht vollst\u00e4ndig zufrieden sein, kannst [&hellip;]<\/p>\n","protected":false},"author":3,"featured_media":0,"parent":0,"menu_order":0,"comment_status":"closed","ping_status":"closed","template":"","meta":{"site-sidebar-layout":"no-sidebar","site-content-layout":"page-builder","ast-site-content-layout":"full-width-container","site-content-style":"default","site-sidebar-style":"default","ast-global-header-display":"","ast-banner-title-visibility":"","ast-main-header-display":"","ast-hfb-above-header-display":"","ast-hfb-below-header-display":"","ast-hfb-mobile-header-display":"","site-post-title":"disabled","ast-breadcrumbs-content":"","ast-featured-img":"disabled","footer-sml-layout":"","ast-disable-related-posts":"","theme-transparent-header-meta":"default","adv-header-id-meta":"","stick-header-meta":"default","header-above-stick-meta":"","header-main-stick-meta":"","header-below-stick-meta":"","astra-migrate-meta-layouts":"default","ast-page-background-enabled":"default","ast-page-background-meta":{"desktop":{"background-color":"var(--ast-global-color-4)","background-image":"","background-repeat":"repeat","background-position":"center center","background-size":"auto","background-attachment":"scroll","background-type":"","background-media":"","overlay-type":"","overlay-color":"","overlay-opacity":"","overlay-gradient":""},"tablet":{"background-color":"","background-image":"","background-repeat":"repeat","background-position":"center center","background-size":"auto","background-attachment":"scroll","background-type":"","background-media":"","overlay-type":"","overlay-color":"","overlay-opacity":"","overlay-gradient":""},"mobile":{"background-color":"","background-image":"","background-repeat":"repeat","background-position":"center center","background-size":"auto","background-attachment":"scroll","background-type":"","background-media":"","overlay-type":"","overlay-color":"","overlay-opacity":"","overlay-gradient":""}},"ast-content-background-meta":{"desktop":{"background-color":"var(--ast-global-color-5)","background-image":"","background-repeat":"repeat","background-position":"center center","background-size":"auto","background-attachment":"scroll","background-type":"","background-media":"","overlay-type":"","overlay-color":"","overlay-opacity":"","overlay-gradient":""},"tablet":{"background-color":"var(--ast-global-color-5)","background-image":"","background-repeat":"repeat","background-position":"center center","background-size":"auto","background-attachment":"scroll","background-type":"","background-media":"","overlay-type":"","overlay-color":"","overlay-opacity":"","overlay-gradient":""},"mobile":{"background-color":"var(--ast-global-color-5)","background-image":"","background-repeat":"repeat","background-position":"center center","background-size":"auto","background-attachment":"scroll","background-type":"","background-media":"","overlay-type":"","overlay-color":"","overlay-opacity":"","overlay-gradient":""}},"footnotes":""},"class_list":["post-13794","page","type-page","status-publish","hentry"],"yoast_head":"<!-- This site is optimized with the Yoast SEO plugin v27.5 - https:\/\/yoast.com\/product\/yoast-seo-wordpress\/ -->\n<title>Umtauschen oder zur\u00fcckgeben - LUUKS<\/title>\n<meta name=\"robots\" content=\"index, follow, max-snippet:-1, max-image-preview:large, max-video-preview:-1\" \/>\n<link rel=\"canonical\" href=\"https:\/\/www.luuks.nl\/de\/umtauschen-oder-zurueckgeben\/\" \/>\n<meta property=\"og:locale\" content=\"de_DE\" \/>\n<meta property=\"og:type\" content=\"article\" \/>\n<meta property=\"og:title\" content=\"Umtauschen oder zur\u00fcckgeben - LUUKS\" \/>\n<meta property=\"og:description\" content=\"Luuks Umtauschen oder zur\u00fcckgeben Wir m\u00f6chten, dass du mit deinem Einkauf bei LUUKS vollkommen zufrieden bist.Solltest du aus irgendeinem Grund nicht vollst\u00e4ndig zufrieden sein, kannst [&hellip;]\" \/>\n<meta property=\"og:url\" content=\"https:\/\/www.luuks.nl\/de\/umtauschen-oder-zurueckgeben\/\" \/>\n<meta property=\"og:site_name\" content=\"LUUKS\" \/>\n<meta property=\"article:modified_time\" content=\"2026-02-19T12:23:17+00:00\" \/>\n<meta name=\"twitter:card\" content=\"summary_large_image\" \/>\n<meta name=\"twitter:label1\" content=\"Gesch\u00e4tzte Lesezeit\" \/>\n\t<meta name=\"twitter:data1\" content=\"1\u00a0Minute\" \/>\n<script type=\"application\/ld+json\" class=\"yoast-schema-graph\">{\"@context\":\"https:\\\/\\\/schema.org\",\"@graph\":[{\"@type\":\"WebPage\",\"@id\":\"https:\\\/\\\/www.luuks.nl\\\/de\\\/umtauschen-oder-zurueckgeben\\\/\",\"url\":\"https:\\\/\\\/www.luuks.nl\\\/de\\\/umtauschen-oder-zurueckgeben\\\/\",\"name\":\"Umtauschen oder zur\u00fcckgeben - LUUKS\",\"isPartOf\":{\"@id\":\"https:\\\/\\\/www.luuks.nl\\\/#website\"},\"datePublished\":\"2026-01-23T11:42:03+00:00\",\"dateModified\":\"2026-02-19T12:23:17+00:00\",\"breadcrumb\":{\"@id\":\"https:\\\/\\\/www.luuks.nl\\\/de\\\/umtauschen-oder-zurueckgeben\\\/#breadcrumb\"},\"inLanguage\":\"de\",\"potentialAction\":[{\"@type\":\"ReadAction\",\"target\":[\"https:\\\/\\\/www.luuks.nl\\\/de\\\/umtauschen-oder-zurueckgeben\\\/\"]}]},{\"@type\":\"BreadcrumbList\",\"@id\":\"https:\\\/\\\/www.luuks.nl\\\/de\\\/umtauschen-oder-zurueckgeben\\\/#breadcrumb\",\"itemListElement\":[{\"@type\":\"ListItem\",\"position\":1,\"name\":\"Home\",\"item\":\"https:\\\/\\\/www.luuks.nl\\\/de\\\/home\\\/\"},{\"@type\":\"ListItem\",\"position\":2,\"name\":\"Umtauschen oder zur\u00fcckgeben\"}]},{\"@type\":\"WebSite\",\"@id\":\"https:\\\/\\\/www.luuks.nl\\\/#website\",\"url\":\"https:\\\/\\\/www.luuks.nl\\\/\",\"name\":\"LUUKS\",\"description\":\"Voor schoen- en accessoire liefhebbers die kiezen voor stijl en kwaliteit\",\"publisher\":{\"@id\":\"https:\\\/\\\/www.luuks.nl\\\/#organization\"},\"potentialAction\":[{\"@type\":\"SearchAction\",\"target\":{\"@type\":\"EntryPoint\",\"urlTemplate\":\"https:\\\/\\\/www.luuks.nl\\\/?s={search_term_string}\"},\"query-input\":{\"@type\":\"PropertyValueSpecification\",\"valueRequired\":true,\"valueName\":\"search_term_string\"}}],\"inLanguage\":\"de\"},{\"@type\":\"Organization\",\"@id\":\"https:\\\/\\\/www.luuks.nl\\\/#organization\",\"name\":\"LUUKS\",\"url\":\"https:\\\/\\\/www.luuks.nl\\\/\",\"logo\":{\"@type\":\"ImageObject\",\"inLanguage\":\"de\",\"@id\":\"https:\\\/\\\/www.luuks.nl\\\/#\\\/schema\\\/logo\\\/image\\\/\",\"url\":\"https:\\\/\\\/www.luuks.nl\\\/wp-content\\\/uploads\\\/2025\\\/11\\\/LUUKS_LOGO_Red.svg\",\"contentUrl\":\"https:\\\/\\\/www.luuks.nl\\\/wp-content\\\/uploads\\\/2025\\\/11\\\/LUUKS_LOGO_Red.svg\",\"caption\":\"LUUKS\"},\"image\":{\"@id\":\"https:\\\/\\\/www.luuks.nl\\\/#\\\/schema\\\/logo\\\/image\\\/\"}}]}<\/script>\n<!-- \/ Yoast SEO plugin. -->","yoast_head_json":{"title":"Umtauschen oder zur\u00fcckgeben - LUUKS","robots":{"index":"index","follow":"follow","max-snippet":"max-snippet:-1","max-image-preview":"max-image-preview:large","max-video-preview":"max-video-preview:-1"},"canonical":"https:\/\/www.luuks.nl\/de\/umtauschen-oder-zurueckgeben\/","og_locale":"de_DE","og_type":"article","og_title":"Umtauschen oder zur\u00fcckgeben - LUUKS","og_description":"Luuks Umtauschen oder zur\u00fcckgeben Wir m\u00f6chten, dass du mit deinem Einkauf bei LUUKS vollkommen zufrieden bist.Solltest du aus irgendeinem Grund nicht vollst\u00e4ndig zufrieden sein, kannst [&hellip;]","og_url":"https:\/\/www.luuks.nl\/de\/umtauschen-oder-zurueckgeben\/","og_site_name":"LUUKS","article_modified_time":"2026-02-19T12:23:17+00:00","twitter_card":"summary_large_image","twitter_misc":{"Gesch\u00e4tzte Lesezeit":"1\u00a0Minute"},"schema":{"@context":"https:\/\/schema.org","@graph":[{"@type":"WebPage","@id":"https:\/\/www.luuks.nl\/de\/umtauschen-oder-zurueckgeben\/","url":"https:\/\/www.luuks.nl\/de\/umtauschen-oder-zurueckgeben\/","name":"Umtauschen oder zur\u00fcckgeben - LUUKS","isPartOf":{"@id":"https:\/\/www.luuks.nl\/#website"},"datePublished":"2026-01-23T11:42:03+00:00","dateModified":"2026-02-19T12:23:17+00:00","breadcrumb":{"@id":"https:\/\/www.luuks.nl\/de\/umtauschen-oder-zurueckgeben\/#breadcrumb"},"inLanguage":"de","potentialAction":[{"@type":"ReadAction","target":["https:\/\/www.luuks.nl\/de\/umtauschen-oder-zurueckgeben\/"]}]},{"@type":"BreadcrumbList","@id":"https:\/\/www.luuks.nl\/de\/umtauschen-oder-zurueckgeben\/#breadcrumb","itemListElement":[{"@type":"ListItem","position":1,"name":"Home","item":"https:\/\/www.luuks.nl\/de\/home\/"},{"@type":"ListItem","position":2,"name":"Umtauschen oder zur\u00fcckgeben"}]},{"@type":"WebSite","@id":"https:\/\/www.luuks.nl\/#website","url":"https:\/\/www.luuks.nl\/","name":"LUUKS","description":"Voor schoen- en accessoire liefhebbers die kiezen voor stijl en kwaliteit","publisher":{"@id":"https:\/\/www.luuks.nl\/#organization"},"potentialAction":[{"@type":"SearchAction","target":{"@type":"EntryPoint","urlTemplate":"https:\/\/www.luuks.nl\/?s={search_term_string}"},"query-input":{"@type":"PropertyValueSpecification","valueRequired":true,"valueName":"search_term_string"}}],"inLanguage":"de"},{"@type":"Organization","@id":"https:\/\/www.luuks.nl\/#organization","name":"LUUKS","url":"https:\/\/www.luuks.nl\/","logo":{"@type":"ImageObject","inLanguage":"de","@id":"https:\/\/www.luuks.nl\/#\/schema\/logo\/image\/","url":"https:\/\/www.luuks.nl\/wp-content\/uploads\/2025\/11\/LUUKS_LOGO_Red.svg","contentUrl":"https:\/\/www.luuks.nl\/wp-content\/uploads\/2025\/11\/LUUKS_LOGO_Red.svg","caption":"LUUKS"},"image":{"@id":"https:\/\/www.luuks.nl\/#\/schema\/logo\/image\/"}}]}},"_links":{"self":[{"href":"https:\/\/www.luuks.nl\/de\/wp-json\/wp\/v2\/pages\/13794","targetHints":{"allow":["GET"]}}],"collection":[{"href":"https:\/\/www.luuks.nl\/de\/wp-json\/wp\/v2\/pages"}],"about":[{"href":"https:\/\/www.luuks.nl\/de\/wp-json\/wp\/v2\/types\/page"}],"author":[{"embeddable":true,"href":"https:\/\/www.luuks.nl\/de\/wp-json\/wp\/v2\/users\/3"}],"replies":[{"embeddable":true,"href":"https:\/\/www.luuks.nl\/de\/wp-json\/wp\/v2\/comments?post=13794"}],"version-history":[{"count":2,"href":"https:\/\/www.luuks.nl\/de\/wp-json\/wp\/v2\/pages\/13794\/revisions"}],"predecessor-version":[{"id":19593,"href":"https:\/\/www.luuks.nl\/de\/wp-json\/wp\/v2\/pages\/13794\/revisions\/19593"}],"wp:attachment":[{"href":"https:\/\/www.luuks.nl\/de\/wp-json\/wp\/v2\/media?parent=13794"}],"curies":[{"name":"wp","href":"https:\/\/api.w.org\/{rel}","templated":true}]}}