{"id":14140,"date":"2026-01-13T11:16:31","date_gmt":"2026-01-13T10:16:31","guid":{"rendered":"https:\/\/www.luuks.nl\/elia-maurizi-darcey-sneaker\/"},"modified":"2026-03-03T18:36:39","modified_gmt":"2026-03-03T17:36:39","slug":"elia-maurizi-darcey-sneaker","status":"publish","type":"product","link":"https:\/\/www.luuks.nl\/de\/elia-maurizi-darcey-sneaker\/","title":{"rendered":"Elia Maurizi \u2013 Darcey Sneaker"},"content":{"rendered":"<p><strong> <\/strong><\/p>\n","protected":false},"excerpt":{"rendered":"<p>&nbsp;<\/p>\n<p>Gr\u00f6\u00dfe &amp; Passform: F\u00e4llt gro\u00df aus, wir empfehlen 1 Gr\u00f6\u00dfe kleiner<\/p>\n","protected":false},"featured_media":14143,"template":"","meta":{"site-sidebar-layout":"default","site-content-layout":"","ast-site-content-layout":"default","site-content-style":"default","site-sidebar-style":"default","ast-global-header-display":"","ast-banner-title-visibility":"","ast-main-header-display":"","ast-hfb-above-header-display":"","ast-hfb-below-header-display":"","ast-hfb-mobile-header-display":"","site-post-title":"","ast-breadcrumbs-content":"","ast-featured-img":"","footer-sml-layout":"","ast-disable-related-posts":"","theme-transparent-header-meta":"default","adv-header-id-meta":"","stick-header-meta":"default","header-above-stick-meta":"","header-main-stick-meta":"","header-below-stick-meta":"","astra-migrate-meta-layouts":"default","ast-page-background-enabled":"default","ast-page-background-meta":{"desktop":{"background-color":"var(--ast-global-color-4)","background-image":"","background-repeat":"repeat","background-position":"center center","background-size":"auto","background-attachment":"scroll","background-type":"","background-media":"","overlay-type":"","overlay-color":"","overlay-opacity":"","overlay-gradient":""},"tablet":{"background-color":"","background-image":"","background-repeat":"repeat","background-position":"center center","background-size":"auto","background-attachment":"scroll","background-type":"","background-media":"","overlay-type":"","overlay-color":"","overlay-opacity":"","overlay-gradient":""},"mobile":{"background-color":"","background-image":"","background-repeat":"repeat","background-position":"center center","background-size":"auto","background-attachment":"scroll","background-type":"","background-media":"","overlay-type":"","overlay-color":"","overlay-opacity":"","overlay-gradient":""}},"ast-content-background-meta":{"desktop":{"background-color":"var(--ast-global-color-5)","background-image":"","background-repeat":"repeat","background-position":"center center","background-size":"auto","background-attachment":"scroll","background-type":"","background-media":"","overlay-type":"","overlay-color":"","overlay-opacity":"","overlay-gradient":""},"tablet":{"background-color":"var(--ast-global-color-5)","background-image":"","background-repeat":"repeat","background-position":"center center","background-size":"auto","background-attachment":"scroll","background-type":"","background-media":"","overlay-type":"","overlay-color":"","overlay-opacity":"","overlay-gradient":""},"mobile":{"background-color":"var(--ast-global-color-5)","background-image":"","background-repeat":"repeat","background-position":"center center","background-size":"auto","background-attachment":"scroll","background-type":"","background-media":"","overlay-type":"","overlay-color":"","overlay-opacity":"","overlay-gradient":""}}},"product_brand":[1768],"product_cat":[655,670,684],"product_tag":[],"class_list":{"0":"post-14140","1":"product","2":"type-product","3":"status-publish","4":"has-post-thumbnail","6":"product_brand-elia-maurizi","7":"product_cat-damen","8":"product_cat-schuhe-damen","9":"product_cat-sneaker-damen","10":"pa_kleur-darcey","11":"pa_maat-682","12":"pa_maat-675","13":"pa_maat-674","14":"pa_maat-676","15":"pa_seizoen-lz2025","16":"desktop-align-center","17":"tablet-align-center","18":"mobile-align-center","19":"ast-product-gallery-layout-vertical","20":"ast-product-single-variable","22":"first","23":"instock","24":"taxable","25":"shipping-taxable","26":"purchasable","27":"product-type-variable","28":"has-default-attributes"},"yoast_head":"<!-- This site is optimized with the Yoast SEO plugin v27.4 - https:\/\/yoast.com\/product\/yoast-seo-wordpress\/ -->\n<title>Elia Maurizi Darcey Trainerin Damen<\/title>\n<meta name=\"description\" content=\"Entdecken Sie den Elia Maurizi Darcey Trainer f\u00fcr Damen bei LUUKS. Kaufen Sie online mit weltweitem Versand oder besuchen Sie unsere Boutique in Amsterdam.\" \/>\n<meta name=\"robots\" content=\"index, follow, max-snippet:-1, max-image-preview:large, max-video-preview:-1\" \/>\n<link rel=\"canonical\" href=\"https:\/\/www.luuks.nl\/de\/elia-maurizi-darcey-sneaker\/\" \/>\n<meta property=\"og:locale\" content=\"de_DE\" \/>\n<meta property=\"og:type\" content=\"article\" \/>\n<meta property=\"og:title\" content=\"Elia Maurizi Darcey Trainerin Damen\" \/>\n<meta property=\"og:description\" content=\"Entdecken Sie den Elia Maurizi Darcey Trainer f\u00fcr Damen bei LUUKS. Kaufen Sie online mit weltweitem Versand oder besuchen Sie unsere Boutique in Amsterdam.\" \/>\n<meta property=\"og:url\" content=\"https:\/\/www.luuks.nl\/de\/elia-maurizi-darcey-sneaker\/\" \/>\n<meta property=\"og:site_name\" content=\"LUUKS\" \/>\n<meta property=\"article:modified_time\" content=\"2026-03-03T17:36:39+00:00\" \/>\n<meta property=\"og:image\" content=\"https:\/\/www.luuks.nl\/wp-content\/uploads\/2025\/12\/EliaMaurizi-darceysneaker-0.jpg\" \/>\n\t<meta property=\"og:image:width\" content=\"600\" \/>\n\t<meta property=\"og:image:height\" content=\"600\" \/>\n\t<meta property=\"og:image:type\" content=\"image\/jpeg\" \/>\n<meta name=\"twitter:card\" content=\"summary_large_image\" \/>\n<script type=\"application\/ld+json\" class=\"yoast-schema-graph\">{\"@context\":\"https:\\\/\\\/schema.org\",\"@graph\":[{\"@type\":\"WebPage\",\"@id\":\"https:\\\/\\\/www.luuks.nl\\\/de\\\/elia-maurizi-darcey-sneaker\\\/\",\"url\":\"https:\\\/\\\/www.luuks.nl\\\/de\\\/elia-maurizi-darcey-sneaker\\\/\",\"name\":\"Elia Maurizi Darcey Trainerin Damen\",\"isPartOf\":{\"@id\":\"https:\\\/\\\/www.luuks.nl\\\/#website\"},\"primaryImageOfPage\":{\"@id\":\"https:\\\/\\\/www.luuks.nl\\\/de\\\/elia-maurizi-darcey-sneaker\\\/#primaryimage\"},\"image\":{\"@id\":\"https:\\\/\\\/www.luuks.nl\\\/de\\\/elia-maurizi-darcey-sneaker\\\/#primaryimage\"},\"thumbnailUrl\":\"https:\\\/\\\/www.luuks.nl\\\/wp-content\\\/uploads\\\/2025\\\/12\\\/EliaMaurizi-darceysneaker-0.jpg\",\"datePublished\":\"2026-01-13T10:16:31+00:00\",\"dateModified\":\"2026-03-03T17:36:39+00:00\",\"description\":\"Entdecken Sie den Elia Maurizi Darcey Trainer f\u00fcr Damen bei LUUKS. Kaufen Sie online mit weltweitem Versand oder besuchen Sie unsere Boutique in Amsterdam.\",\"breadcrumb\":{\"@id\":\"https:\\\/\\\/www.luuks.nl\\\/de\\\/elia-maurizi-darcey-sneaker\\\/#breadcrumb\"},\"inLanguage\":\"de\",\"potentialAction\":[{\"@type\":\"ReadAction\",\"target\":[\"https:\\\/\\\/www.luuks.nl\\\/de\\\/elia-maurizi-darcey-sneaker\\\/\"]}]},{\"@type\":\"ImageObject\",\"inLanguage\":\"de\",\"@id\":\"https:\\\/\\\/www.luuks.nl\\\/de\\\/elia-maurizi-darcey-sneaker\\\/#primaryimage\",\"url\":\"https:\\\/\\\/www.luuks.nl\\\/wp-content\\\/uploads\\\/2025\\\/12\\\/EliaMaurizi-darceysneaker-0.jpg\",\"contentUrl\":\"https:\\\/\\\/www.luuks.nl\\\/wp-content\\\/uploads\\\/2025\\\/12\\\/EliaMaurizi-darceysneaker-0.jpg\",\"width\":600,\"height\":600},{\"@type\":\"BreadcrumbList\",\"@id\":\"https:\\\/\\\/www.luuks.nl\\\/de\\\/elia-maurizi-darcey-sneaker\\\/#breadcrumb\",\"itemListElement\":[{\"@type\":\"ListItem\",\"position\":1,\"name\":\"Home\",\"item\":\"https:\\\/\\\/www.luuks.nl\\\/de\\\/home\\\/\"},{\"@type\":\"ListItem\",\"position\":2,\"name\":\"Shop\",\"item\":\"https:\\\/\\\/www.luuks.nl\\\/de\\\/shop\\\/\"},{\"@type\":\"ListItem\",\"position\":3,\"name\":\"Elia Maurizi \u2013 Darcey Sneaker\"}]},{\"@type\":\"WebSite\",\"@id\":\"https:\\\/\\\/www.luuks.nl\\\/#website\",\"url\":\"https:\\\/\\\/www.luuks.nl\\\/\",\"name\":\"LUUKS\",\"description\":\"Voor schoen- en accessoire liefhebbers die kiezen voor stijl en kwaliteit\",\"publisher\":{\"@id\":\"https:\\\/\\\/www.luuks.nl\\\/#organization\"},\"potentialAction\":[{\"@type\":\"SearchAction\",\"target\":{\"@type\":\"EntryPoint\",\"urlTemplate\":\"https:\\\/\\\/www.luuks.nl\\\/?s={search_term_string}\"},\"query-input\":{\"@type\":\"PropertyValueSpecification\",\"valueRequired\":true,\"valueName\":\"search_term_string\"}}],\"inLanguage\":\"de\"},{\"@type\":\"Organization\",\"@id\":\"https:\\\/\\\/www.luuks.nl\\\/#organization\",\"name\":\"LUUKS\",\"url\":\"https:\\\/\\\/www.luuks.nl\\\/\",\"logo\":{\"@type\":\"ImageObject\",\"inLanguage\":\"de\",\"@id\":\"https:\\\/\\\/www.luuks.nl\\\/#\\\/schema\\\/logo\\\/image\\\/\",\"url\":\"https:\\\/\\\/www.luuks.nl\\\/wp-content\\\/uploads\\\/2025\\\/11\\\/LUUKS_LOGO_Red.svg\",\"contentUrl\":\"https:\\\/\\\/www.luuks.nl\\\/wp-content\\\/uploads\\\/2025\\\/11\\\/LUUKS_LOGO_Red.svg\",\"caption\":\"LUUKS\"},\"image\":{\"@id\":\"https:\\\/\\\/www.luuks.nl\\\/#\\\/schema\\\/logo\\\/image\\\/\"}}]}<\/script>\n<!-- \/ Yoast SEO plugin. -->","yoast_head_json":{"title":"Elia Maurizi Darcey Trainerin Damen","description":"Entdecken Sie den Elia Maurizi Darcey Trainer f\u00fcr Damen bei LUUKS. Kaufen Sie online mit weltweitem Versand oder besuchen Sie unsere Boutique in Amsterdam.","robots":{"index":"index","follow":"follow","max-snippet":"max-snippet:-1","max-image-preview":"max-image-preview:large","max-video-preview":"max-video-preview:-1"},"canonical":"https:\/\/www.luuks.nl\/de\/elia-maurizi-darcey-sneaker\/","og_locale":"de_DE","og_type":"article","og_title":"Elia Maurizi Darcey Trainerin Damen","og_description":"Entdecken Sie den Elia Maurizi Darcey Trainer f\u00fcr Damen bei LUUKS. Kaufen Sie online mit weltweitem Versand oder besuchen Sie unsere Boutique in Amsterdam.","og_url":"https:\/\/www.luuks.nl\/de\/elia-maurizi-darcey-sneaker\/","og_site_name":"LUUKS","article_modified_time":"2026-03-03T17:36:39+00:00","og_image":[{"width":600,"height":600,"url":"https:\/\/www.luuks.nl\/wp-content\/uploads\/2025\/12\/EliaMaurizi-darceysneaker-0.jpg","type":"image\/jpeg"}],"twitter_card":"summary_large_image","schema":{"@context":"https:\/\/schema.org","@graph":[{"@type":"WebPage","@id":"https:\/\/www.luuks.nl\/de\/elia-maurizi-darcey-sneaker\/","url":"https:\/\/www.luuks.nl\/de\/elia-maurizi-darcey-sneaker\/","name":"Elia Maurizi Darcey Trainerin Damen","isPartOf":{"@id":"https:\/\/www.luuks.nl\/#website"},"primaryImageOfPage":{"@id":"https:\/\/www.luuks.nl\/de\/elia-maurizi-darcey-sneaker\/#primaryimage"},"image":{"@id":"https:\/\/www.luuks.nl\/de\/elia-maurizi-darcey-sneaker\/#primaryimage"},"thumbnailUrl":"https:\/\/www.luuks.nl\/wp-content\/uploads\/2025\/12\/EliaMaurizi-darceysneaker-0.jpg","datePublished":"2026-01-13T10:16:31+00:00","dateModified":"2026-03-03T17:36:39+00:00","description":"Entdecken Sie den Elia Maurizi Darcey Trainer f\u00fcr Damen bei LUUKS. Kaufen Sie online mit weltweitem Versand oder besuchen Sie unsere Boutique in Amsterdam.","breadcrumb":{"@id":"https:\/\/www.luuks.nl\/de\/elia-maurizi-darcey-sneaker\/#breadcrumb"},"inLanguage":"de","potentialAction":[{"@type":"ReadAction","target":["https:\/\/www.luuks.nl\/de\/elia-maurizi-darcey-sneaker\/"]}]},{"@type":"ImageObject","inLanguage":"de","@id":"https:\/\/www.luuks.nl\/de\/elia-maurizi-darcey-sneaker\/#primaryimage","url":"https:\/\/www.luuks.nl\/wp-content\/uploads\/2025\/12\/EliaMaurizi-darceysneaker-0.jpg","contentUrl":"https:\/\/www.luuks.nl\/wp-content\/uploads\/2025\/12\/EliaMaurizi-darceysneaker-0.jpg","width":600,"height":600},{"@type":"BreadcrumbList","@id":"https:\/\/www.luuks.nl\/de\/elia-maurizi-darcey-sneaker\/#breadcrumb","itemListElement":[{"@type":"ListItem","position":1,"name":"Home","item":"https:\/\/www.luuks.nl\/de\/home\/"},{"@type":"ListItem","position":2,"name":"Shop","item":"https:\/\/www.luuks.nl\/de\/shop\/"},{"@type":"ListItem","position":3,"name":"Elia Maurizi \u2013 Darcey Sneaker"}]},{"@type":"WebSite","@id":"https:\/\/www.luuks.nl\/#website","url":"https:\/\/www.luuks.nl\/","name":"LUUKS","description":"Voor schoen- en accessoire liefhebbers die kiezen voor stijl en kwaliteit","publisher":{"@id":"https:\/\/www.luuks.nl\/#organization"},"potentialAction":[{"@type":"SearchAction","target":{"@type":"EntryPoint","urlTemplate":"https:\/\/www.luuks.nl\/?s={search_term_string}"},"query-input":{"@type":"PropertyValueSpecification","valueRequired":true,"valueName":"search_term_string"}}],"inLanguage":"de"},{"@type":"Organization","@id":"https:\/\/www.luuks.nl\/#organization","name":"LUUKS","url":"https:\/\/www.luuks.nl\/","logo":{"@type":"ImageObject","inLanguage":"de","@id":"https:\/\/www.luuks.nl\/#\/schema\/logo\/image\/","url":"https:\/\/www.luuks.nl\/wp-content\/uploads\/2025\/11\/LUUKS_LOGO_Red.svg","contentUrl":"https:\/\/www.luuks.nl\/wp-content\/uploads\/2025\/11\/LUUKS_LOGO_Red.svg","caption":"LUUKS"},"image":{"@id":"https:\/\/www.luuks.nl\/#\/schema\/logo\/image\/"}}]}},"_links":{"self":[{"href":"https:\/\/www.luuks.nl\/de\/wp-json\/wp\/v2\/product\/14140","targetHints":{"allow":["GET"]}}],"collection":[{"href":"https:\/\/www.luuks.nl\/de\/wp-json\/wp\/v2\/product"}],"about":[{"href":"https:\/\/www.luuks.nl\/de\/wp-json\/wp\/v2\/types\/product"}],"wp:featuredmedia":[{"embeddable":true,"href":"https:\/\/www.luuks.nl\/de\/wp-json\/wp\/v2\/media\/14143"}],"wp:attachment":[{"href":"https:\/\/www.luuks.nl\/de\/wp-json\/wp\/v2\/media?parent=14140"}],"wp:term":[{"taxonomy":"product_brand","embeddable":true,"href":"https:\/\/www.luuks.nl\/de\/wp-json\/wp\/v2\/product_brand?post=14140"},{"taxonomy":"product_cat","embeddable":true,"href":"https:\/\/www.luuks.nl\/de\/wp-json\/wp\/v2\/product_cat?post=14140"},{"taxonomy":"product_tag","embeddable":true,"href":"https:\/\/www.luuks.nl\/de\/wp-json\/wp\/v2\/product_tag?post=14140"}],"curies":[{"name":"wp","href":"https:\/\/api.w.org\/{rel}","templated":true}]}}