{"id":14979,"date":"2026-01-13T11:15:43","date_gmt":"2026-01-13T10:15:43","guid":{"rendered":"https:\/\/www.luuks.nl\/maria-la-rosa-luce-laminated-b\/"},"modified":"2026-01-23T13:44:17","modified_gmt":"2026-01-23T12:44:17","slug":"maria-la-rosa-luce-laminated-b","status":"publish","type":"product","link":"https:\/\/www.luuks.nl\/de\/maria-la-rosa-luce-laminated-b\/","title":{"rendered":"Maria La Rosa \u2013 Luce Laminated B"},"content":{"rendered":"<p><strong> <\/strong><\/p>\n","protected":false},"excerpt":{"rendered":"<p data-start=\"107\" data-end=\"183\">Maria La Rosa Lam\u00e9-Socken in Schwarz-D\u00e9grad\u00e9.<br data-start=\"155\" data-end=\"158\">66 % Seide, 34 % Polyamid.<\/p>\n<p data-start=\"185\" data-end=\"422\">Diese Socken sind perfekt f\u00fcr festliche Anl\u00e4sse und besondere Momente, in denen Sie strahlen m\u00f6chten. Die leichte Isolierung sorgt f\u00fcr Komfort, sowohl an k\u00fchleren Sommertagen als auch in w\u00e4rmeren Wintern. Einheitsgr\u00f6\u00dfe. Handw\u00e4sche, kalt waschen.   <\/p>\n","protected":false},"featured_media":14981,"template":"","meta":{"site-sidebar-layout":"default","site-content-layout":"","ast-site-content-layout":"default","site-content-style":"default","site-sidebar-style":"default","ast-global-header-display":"","ast-banner-title-visibility":"","ast-main-header-display":"","ast-hfb-above-header-display":"","ast-hfb-below-header-display":"","ast-hfb-mobile-header-display":"","site-post-title":"","ast-breadcrumbs-content":"","ast-featured-img":"","footer-sml-layout":"","ast-disable-related-posts":"","theme-transparent-header-meta":"","adv-header-id-meta":"","stick-header-meta":"","header-above-stick-meta":"","header-main-stick-meta":"","header-below-stick-meta":"","astra-migrate-meta-layouts":"default","ast-page-background-enabled":"default","ast-page-background-meta":{"desktop":{"background-color":"var(--ast-global-color-4)","background-image":"","background-repeat":"repeat","background-position":"center center","background-size":"auto","background-attachment":"scroll","background-type":"","background-media":"","overlay-type":"","overlay-color":"","overlay-opacity":"","overlay-gradient":""},"tablet":{"background-color":"","background-image":"","background-repeat":"repeat","background-position":"center center","background-size":"auto","background-attachment":"scroll","background-type":"","background-media":"","overlay-type":"","overlay-color":"","overlay-opacity":"","overlay-gradient":""},"mobile":{"background-color":"","background-image":"","background-repeat":"repeat","background-position":"center center","background-size":"auto","background-attachment":"scroll","background-type":"","background-media":"","overlay-type":"","overlay-color":"","overlay-opacity":"","overlay-gradient":""}},"ast-content-background-meta":{"desktop":{"background-color":"var(--ast-global-color-5)","background-image":"","background-repeat":"repeat","background-position":"center center","background-size":"auto","background-attachment":"scroll","background-type":"","background-media":"","overlay-type":"","overlay-color":"","overlay-opacity":"","overlay-gradient":""},"tablet":{"background-color":"var(--ast-global-color-5)","background-image":"","background-repeat":"repeat","background-position":"center center","background-size":"auto","background-attachment":"scroll","background-type":"","background-media":"","overlay-type":"","overlay-color":"","overlay-opacity":"","overlay-gradient":""},"mobile":{"background-color":"var(--ast-global-color-5)","background-image":"","background-repeat":"repeat","background-position":"center center","background-size":"auto","background-attachment":"scroll","background-type":"","background-media":"","overlay-type":"","overlay-color":"","overlay-opacity":"","overlay-gradient":""}}},"product_brand":[1779],"product_cat":[655],"product_tag":[],"class_list":{"0":"post-14979","1":"product","2":"type-product","3":"status-publish","4":"has-post-thumbnail","6":"product_brand-maria-la-rosa","7":"product_cat-damen","8":"pa_kleur-schwarz-2","9":"pa_maat-714","10":"pa_seizoen-hw2025","11":"desktop-align-center","12":"tablet-align-center","13":"mobile-align-center","14":"ast-product-gallery-layout-vertical","15":"ast-product-gallery-with-no-image","16":"ast-product-single-variable","18":"first","19":"instock","20":"taxable","21":"shipping-taxable","22":"purchasable","23":"product-type-variable","24":"has-default-attributes"},"yoast_head":"<!-- This site is optimized with the Yoast SEO plugin v27.4 - https:\/\/yoast.com\/product\/yoast-seo-wordpress\/ -->\n<title>Maria La Rosa - Luce Laminated B - LUUKS<\/title>\n<meta name=\"robots\" content=\"index, follow, max-snippet:-1, max-image-preview:large, max-video-preview:-1\" \/>\n<link rel=\"canonical\" href=\"https:\/\/www.luuks.nl\/de\/maria-la-rosa-luce-laminated-b\/\" \/>\n<meta property=\"og:locale\" content=\"de_DE\" \/>\n<meta property=\"og:type\" content=\"article\" \/>\n<meta property=\"og:title\" content=\"Maria La Rosa - Luce Laminated B - LUUKS\" \/>\n<meta property=\"og:description\" content=\"Maria La Rosa Lam\u00e9-Socken in Schwarz-D\u00e9grad\u00e9.66 % Seide, 34 % Polyamid. Diese Socken sind perfekt f\u00fcr festliche Anl\u00e4sse und besondere Momente, in denen Sie strahlen m\u00f6chten. Die leichte Isolierung sorgt f\u00fcr Komfort, sowohl an k\u00fchleren Sommertagen als auch in w\u00e4rmeren Wintern. Einheitsgr\u00f6\u00dfe. Handw\u00e4sche, kalt waschen.\" \/>\n<meta property=\"og:url\" content=\"https:\/\/www.luuks.nl\/de\/maria-la-rosa-luce-laminated-b\/\" \/>\n<meta property=\"og:site_name\" content=\"LUUKS\" \/>\n<meta property=\"article:modified_time\" content=\"2026-01-23T12:44:17+00:00\" \/>\n<meta property=\"og:image\" content=\"https:\/\/www.luuks.nl\/wp-content\/uploads\/2026\/01\/MariaLaRosa-luce_laminated-black-0.jpg\" \/>\n\t<meta property=\"og:image:width\" content=\"1000\" \/>\n\t<meta property=\"og:image:height\" content=\"1000\" \/>\n\t<meta property=\"og:image:type\" content=\"image\/jpeg\" \/>\n<meta name=\"twitter:card\" content=\"summary_large_image\" \/>\n<script type=\"application\/ld+json\" class=\"yoast-schema-graph\">{\"@context\":\"https:\\\/\\\/schema.org\",\"@graph\":[{\"@type\":\"WebPage\",\"@id\":\"https:\\\/\\\/www.luuks.nl\\\/de\\\/maria-la-rosa-luce-laminated-b\\\/\",\"url\":\"https:\\\/\\\/www.luuks.nl\\\/de\\\/maria-la-rosa-luce-laminated-b\\\/\",\"name\":\"Maria La Rosa - Luce Laminated B - LUUKS\",\"isPartOf\":{\"@id\":\"https:\\\/\\\/www.luuks.nl\\\/#website\"},\"primaryImageOfPage\":{\"@id\":\"https:\\\/\\\/www.luuks.nl\\\/de\\\/maria-la-rosa-luce-laminated-b\\\/#primaryimage\"},\"image\":{\"@id\":\"https:\\\/\\\/www.luuks.nl\\\/de\\\/maria-la-rosa-luce-laminated-b\\\/#primaryimage\"},\"thumbnailUrl\":\"https:\\\/\\\/www.luuks.nl\\\/wp-content\\\/uploads\\\/2026\\\/01\\\/MariaLaRosa-luce_laminated-black-0.jpg\",\"datePublished\":\"2026-01-13T10:15:43+00:00\",\"dateModified\":\"2026-01-23T12:44:17+00:00\",\"breadcrumb\":{\"@id\":\"https:\\\/\\\/www.luuks.nl\\\/de\\\/maria-la-rosa-luce-laminated-b\\\/#breadcrumb\"},\"inLanguage\":\"de\",\"potentialAction\":[{\"@type\":\"ReadAction\",\"target\":[\"https:\\\/\\\/www.luuks.nl\\\/de\\\/maria-la-rosa-luce-laminated-b\\\/\"]}]},{\"@type\":\"ImageObject\",\"inLanguage\":\"de\",\"@id\":\"https:\\\/\\\/www.luuks.nl\\\/de\\\/maria-la-rosa-luce-laminated-b\\\/#primaryimage\",\"url\":\"https:\\\/\\\/www.luuks.nl\\\/wp-content\\\/uploads\\\/2026\\\/01\\\/MariaLaRosa-luce_laminated-black-0.jpg\",\"contentUrl\":\"https:\\\/\\\/www.luuks.nl\\\/wp-content\\\/uploads\\\/2026\\\/01\\\/MariaLaRosa-luce_laminated-black-0.jpg\",\"width\":1000,\"height\":1000},{\"@type\":\"BreadcrumbList\",\"@id\":\"https:\\\/\\\/www.luuks.nl\\\/de\\\/maria-la-rosa-luce-laminated-b\\\/#breadcrumb\",\"itemListElement\":[{\"@type\":\"ListItem\",\"position\":1,\"name\":\"Home\",\"item\":\"https:\\\/\\\/www.luuks.nl\\\/de\\\/home\\\/\"},{\"@type\":\"ListItem\",\"position\":2,\"name\":\"Shop\",\"item\":\"https:\\\/\\\/www.luuks.nl\\\/de\\\/shop\\\/\"},{\"@type\":\"ListItem\",\"position\":3,\"name\":\"Maria La Rosa \u2013 Luce Laminated B\"}]},{\"@type\":\"WebSite\",\"@id\":\"https:\\\/\\\/www.luuks.nl\\\/#website\",\"url\":\"https:\\\/\\\/www.luuks.nl\\\/\",\"name\":\"LUUKS\",\"description\":\"Voor schoen- en accessoire liefhebbers die kiezen voor stijl en kwaliteit\",\"publisher\":{\"@id\":\"https:\\\/\\\/www.luuks.nl\\\/#organization\"},\"potentialAction\":[{\"@type\":\"SearchAction\",\"target\":{\"@type\":\"EntryPoint\",\"urlTemplate\":\"https:\\\/\\\/www.luuks.nl\\\/?s={search_term_string}\"},\"query-input\":{\"@type\":\"PropertyValueSpecification\",\"valueRequired\":true,\"valueName\":\"search_term_string\"}}],\"inLanguage\":\"de\"},{\"@type\":\"Organization\",\"@id\":\"https:\\\/\\\/www.luuks.nl\\\/#organization\",\"name\":\"LUUKS\",\"url\":\"https:\\\/\\\/www.luuks.nl\\\/\",\"logo\":{\"@type\":\"ImageObject\",\"inLanguage\":\"de\",\"@id\":\"https:\\\/\\\/www.luuks.nl\\\/#\\\/schema\\\/logo\\\/image\\\/\",\"url\":\"https:\\\/\\\/www.luuks.nl\\\/wp-content\\\/uploads\\\/2025\\\/11\\\/LUUKS_LOGO_Red.svg\",\"contentUrl\":\"https:\\\/\\\/www.luuks.nl\\\/wp-content\\\/uploads\\\/2025\\\/11\\\/LUUKS_LOGO_Red.svg\",\"caption\":\"LUUKS\"},\"image\":{\"@id\":\"https:\\\/\\\/www.luuks.nl\\\/#\\\/schema\\\/logo\\\/image\\\/\"}}]}<\/script>\n<!-- \/ Yoast SEO plugin. -->","yoast_head_json":{"title":"Maria La Rosa - Luce Laminated B - LUUKS","robots":{"index":"index","follow":"follow","max-snippet":"max-snippet:-1","max-image-preview":"max-image-preview:large","max-video-preview":"max-video-preview:-1"},"canonical":"https:\/\/www.luuks.nl\/de\/maria-la-rosa-luce-laminated-b\/","og_locale":"de_DE","og_type":"article","og_title":"Maria La Rosa - Luce Laminated B - LUUKS","og_description":"Maria La Rosa Lam\u00e9-Socken in Schwarz-D\u00e9grad\u00e9.66 % Seide, 34 % Polyamid. Diese Socken sind perfekt f\u00fcr festliche Anl\u00e4sse und besondere Momente, in denen Sie strahlen m\u00f6chten. Die leichte Isolierung sorgt f\u00fcr Komfort, sowohl an k\u00fchleren Sommertagen als auch in w\u00e4rmeren Wintern. Einheitsgr\u00f6\u00dfe. Handw\u00e4sche, kalt waschen.","og_url":"https:\/\/www.luuks.nl\/de\/maria-la-rosa-luce-laminated-b\/","og_site_name":"LUUKS","article_modified_time":"2026-01-23T12:44:17+00:00","og_image":[{"width":1000,"height":1000,"url":"https:\/\/www.luuks.nl\/wp-content\/uploads\/2026\/01\/MariaLaRosa-luce_laminated-black-0.jpg","type":"image\/jpeg"}],"twitter_card":"summary_large_image","schema":{"@context":"https:\/\/schema.org","@graph":[{"@type":"WebPage","@id":"https:\/\/www.luuks.nl\/de\/maria-la-rosa-luce-laminated-b\/","url":"https:\/\/www.luuks.nl\/de\/maria-la-rosa-luce-laminated-b\/","name":"Maria La Rosa - Luce Laminated B - LUUKS","isPartOf":{"@id":"https:\/\/www.luuks.nl\/#website"},"primaryImageOfPage":{"@id":"https:\/\/www.luuks.nl\/de\/maria-la-rosa-luce-laminated-b\/#primaryimage"},"image":{"@id":"https:\/\/www.luuks.nl\/de\/maria-la-rosa-luce-laminated-b\/#primaryimage"},"thumbnailUrl":"https:\/\/www.luuks.nl\/wp-content\/uploads\/2026\/01\/MariaLaRosa-luce_laminated-black-0.jpg","datePublished":"2026-01-13T10:15:43+00:00","dateModified":"2026-01-23T12:44:17+00:00","breadcrumb":{"@id":"https:\/\/www.luuks.nl\/de\/maria-la-rosa-luce-laminated-b\/#breadcrumb"},"inLanguage":"de","potentialAction":[{"@type":"ReadAction","target":["https:\/\/www.luuks.nl\/de\/maria-la-rosa-luce-laminated-b\/"]}]},{"@type":"ImageObject","inLanguage":"de","@id":"https:\/\/www.luuks.nl\/de\/maria-la-rosa-luce-laminated-b\/#primaryimage","url":"https:\/\/www.luuks.nl\/wp-content\/uploads\/2026\/01\/MariaLaRosa-luce_laminated-black-0.jpg","contentUrl":"https:\/\/www.luuks.nl\/wp-content\/uploads\/2026\/01\/MariaLaRosa-luce_laminated-black-0.jpg","width":1000,"height":1000},{"@type":"BreadcrumbList","@id":"https:\/\/www.luuks.nl\/de\/maria-la-rosa-luce-laminated-b\/#breadcrumb","itemListElement":[{"@type":"ListItem","position":1,"name":"Home","item":"https:\/\/www.luuks.nl\/de\/home\/"},{"@type":"ListItem","position":2,"name":"Shop","item":"https:\/\/www.luuks.nl\/de\/shop\/"},{"@type":"ListItem","position":3,"name":"Maria La Rosa \u2013 Luce Laminated B"}]},{"@type":"WebSite","@id":"https:\/\/www.luuks.nl\/#website","url":"https:\/\/www.luuks.nl\/","name":"LUUKS","description":"Voor schoen- en accessoire liefhebbers die kiezen voor stijl en kwaliteit","publisher":{"@id":"https:\/\/www.luuks.nl\/#organization"},"potentialAction":[{"@type":"SearchAction","target":{"@type":"EntryPoint","urlTemplate":"https:\/\/www.luuks.nl\/?s={search_term_string}"},"query-input":{"@type":"PropertyValueSpecification","valueRequired":true,"valueName":"search_term_string"}}],"inLanguage":"de"},{"@type":"Organization","@id":"https:\/\/www.luuks.nl\/#organization","name":"LUUKS","url":"https:\/\/www.luuks.nl\/","logo":{"@type":"ImageObject","inLanguage":"de","@id":"https:\/\/www.luuks.nl\/#\/schema\/logo\/image\/","url":"https:\/\/www.luuks.nl\/wp-content\/uploads\/2025\/11\/LUUKS_LOGO_Red.svg","contentUrl":"https:\/\/www.luuks.nl\/wp-content\/uploads\/2025\/11\/LUUKS_LOGO_Red.svg","caption":"LUUKS"},"image":{"@id":"https:\/\/www.luuks.nl\/#\/schema\/logo\/image\/"}}]}},"_links":{"self":[{"href":"https:\/\/www.luuks.nl\/de\/wp-json\/wp\/v2\/product\/14979","targetHints":{"allow":["GET"]}}],"collection":[{"href":"https:\/\/www.luuks.nl\/de\/wp-json\/wp\/v2\/product"}],"about":[{"href":"https:\/\/www.luuks.nl\/de\/wp-json\/wp\/v2\/types\/product"}],"wp:featuredmedia":[{"embeddable":true,"href":"https:\/\/www.luuks.nl\/de\/wp-json\/wp\/v2\/media\/14981"}],"wp:attachment":[{"href":"https:\/\/www.luuks.nl\/de\/wp-json\/wp\/v2\/media?parent=14979"}],"wp:term":[{"taxonomy":"product_brand","embeddable":true,"href":"https:\/\/www.luuks.nl\/de\/wp-json\/wp\/v2\/product_brand?post=14979"},{"taxonomy":"product_cat","embeddable":true,"href":"https:\/\/www.luuks.nl\/de\/wp-json\/wp\/v2\/product_cat?post=14979"},{"taxonomy":"product_tag","embeddable":true,"href":"https:\/\/www.luuks.nl\/de\/wp-json\/wp\/v2\/product_tag?post=14979"}],"curies":[{"name":"wp","href":"https:\/\/api.w.org\/{rel}","templated":true}]}}