{"id":15152,"date":"2025-12-11T16:16:42","date_gmt":"2025-12-11T15:16:42","guid":{"rendered":"https:\/\/www.luuks.nl\/rosa-maria-angela-s-st-dia-ig\/"},"modified":"2026-04-24T11:55:17","modified_gmt":"2026-04-24T09:55:17","slug":"rosa-maria-angela-ring","status":"publish","type":"product","link":"https:\/\/www.luuks.nl\/de\/rosa-maria-angela-ring\/","title":{"rendered":"Rosa Maria Angela Ring"},"content":{"rendered":"<p><strong> <\/strong><\/p>\n","protected":false},"excerpt":{"rendered":"<div class=\"detailBox\">\n<p>Rosa Maria silberner Angela Ring mit 26 silbergrauen Diamanten (0,13 ct)<\/p>\n<p>Mit allen Rosa Maria Ringen sind endlose Kombinationen m\u00f6glich. Die Kombination auf dem Stein ist beispielsweise der schlichte silberne Angela mit dem Angela mit silbernen Diamanten in der Mitte. Jeder Rosa Maria Ring ist f\u00fcr sich schon wundersch\u00f6n, aber zusammen entstehen unendlich viele einzigartige Kombinationen.<\/p>\n<p>Ist Ihre Gr\u00f6\u00dfe nicht dabei? Kein Problem! Wir k\u00f6nnen alle Ringe speziell in Ihrer Gr\u00f6\u00dfe bestellen.   Die Lieferzeit betr\u00e4gt etwa 4-6<\/p>\n<p>Wochen.<\/p>\n<p>Sie zweifeln an einem Schmuckst\u00fcck? Nehmen Sie gerne Kontakt mit uns auf \u2013 wir helfen Ihnen gerne. Online gekaufte Schmuckst\u00fccke k\u00f6nnen leider nicht zur\u00fcckgegeben oder umgetauscht werden.  <\/p>\n<p>Sehen Sie die gesamte <a href=\"https:\/\/www.luuks.nl\/de\/marke\/rosa-maria\/\">Rosa Maria<\/a> Kollektion bei LUUKS<\/p>\n<\/div>\n","protected":false},"featured_media":15161,"template":"","meta":{"site-sidebar-layout":"default","site-content-layout":"","ast-site-content-layout":"default","site-content-style":"default","site-sidebar-style":"default","ast-global-header-display":"","ast-banner-title-visibility":"","ast-main-header-display":"","ast-hfb-above-header-display":"","ast-hfb-below-header-display":"","ast-hfb-mobile-header-display":"","site-post-title":"","ast-breadcrumbs-content":"","ast-featured-img":"","footer-sml-layout":"","ast-disable-related-posts":"","theme-transparent-header-meta":"default","adv-header-id-meta":"","stick-header-meta":"default","header-above-stick-meta":"","header-main-stick-meta":"","header-below-stick-meta":"","astra-migrate-meta-layouts":"default","ast-page-background-enabled":"default","ast-page-background-meta":{"desktop":{"background-color":"var(--ast-global-color-4)","background-image":"","background-repeat":"repeat","background-position":"center center","background-size":"auto","background-attachment":"scroll","background-type":"","background-media":"","overlay-type":"","overlay-color":"","overlay-opacity":"","overlay-gradient":""},"tablet":{"background-color":"","background-image":"","background-repeat":"repeat","background-position":"center center","background-size":"auto","background-attachment":"scroll","background-type":"","background-media":"","overlay-type":"","overlay-color":"","overlay-opacity":"","overlay-gradient":""},"mobile":{"background-color":"","background-image":"","background-repeat":"repeat","background-position":"center center","background-size":"auto","background-attachment":"scroll","background-type":"","background-media":"","overlay-type":"","overlay-color":"","overlay-opacity":"","overlay-gradient":""}},"ast-content-background-meta":{"desktop":{"background-color":"var(--ast-global-color-5)","background-image":"","background-repeat":"repeat","background-position":"center center","background-size":"auto","background-attachment":"scroll","background-type":"","background-media":"","overlay-type":"","overlay-color":"","overlay-opacity":"","overlay-gradient":""},"tablet":{"background-color":"var(--ast-global-color-5)","background-image":"","background-repeat":"repeat","background-position":"center center","background-size":"auto","background-attachment":"scroll","background-type":"","background-media":"","overlay-type":"","overlay-color":"","overlay-opacity":"","overlay-gradient":""},"mobile":{"background-color":"var(--ast-global-color-5)","background-image":"","background-repeat":"repeat","background-position":"center center","background-size":"auto","background-attachment":"scroll","background-type":"","background-media":"","overlay-type":"","overlay-color":"","overlay-opacity":"","overlay-gradient":""}}},"product_brand":[1793],"product_cat":[717,655,939],"product_tag":[],"class_list":{"0":"post-15152","1":"product","2":"type-product","3":"status-publish","4":"has-post-thumbnail","6":"product_brand-rosa-maria","7":"product_cat-accessoires-damen","8":"product_cat-damen","9":"product_cat-schmuck-damen","10":"pa_kleur-silber","11":"pa_maat-1109","12":"pa_maat-938","13":"pa_seizoen-lz2025","14":"desktop-align-center","15":"tablet-align-center","16":"mobile-align-center","17":"ast-product-gallery-layout-vertical","18":"ast-product-single-variable","20":"first","21":"instock","22":"taxable","23":"shipping-taxable","24":"purchasable","25":"product-type-variable"},"yoast_head":"<!-- This site is optimized with the Yoast SEO plugin v27.4 - https:\/\/yoast.com\/product\/yoast-seo-wordpress\/ -->\n<title>Rosa Maria Angela Ring | LUUKS<\/title>\n<meta name=\"description\" content=\"Entdecken Sie den Rosa Maria Silberring Angela mit Diamanten bei LUUKS. Kaufen Sie online mit weltweitem Versand oder besuchen Sie unsere Boutique in Amsterdam\" \/>\n<meta name=\"robots\" content=\"index, follow, max-snippet:-1, max-image-preview:large, max-video-preview:-1\" \/>\n<link rel=\"canonical\" href=\"https:\/\/www.luuks.nl\/de\/rosa-maria-angela-ring\/\" \/>\n<meta property=\"og:locale\" content=\"de_DE\" \/>\n<meta property=\"og:type\" content=\"article\" \/>\n<meta property=\"og:title\" content=\"Rosa Maria Angela Ring | LUUKS\" \/>\n<meta property=\"og:description\" content=\"Entdecken Sie den Rosa Maria Silberring Angela mit Diamanten bei LUUKS. Kaufen Sie online mit weltweitem Versand oder besuchen Sie unsere Boutique in Amsterdam\" \/>\n<meta property=\"og:url\" content=\"https:\/\/www.luuks.nl\/de\/rosa-maria-angela-ring\/\" \/>\n<meta property=\"og:site_name\" content=\"LUUKS\" \/>\n<meta property=\"article:modified_time\" content=\"2026-04-24T09:55:17+00:00\" \/>\n<meta property=\"og:image\" content=\"https:\/\/www.luuks.nl\/wp-content\/uploads\/2025\/12\/RosaMaria-Angela-dia-0-1.jpg\" \/>\n\t<meta property=\"og:image:width\" content=\"1000\" \/>\n\t<meta property=\"og:image:height\" content=\"1000\" \/>\n\t<meta property=\"og:image:type\" content=\"image\/jpeg\" \/>\n<meta name=\"twitter:card\" content=\"summary_large_image\" \/>\n<script type=\"application\/ld+json\" class=\"yoast-schema-graph\">{\"@context\":\"https:\\\/\\\/schema.org\",\"@graph\":[{\"@type\":\"WebPage\",\"@id\":\"https:\\\/\\\/www.luuks.nl\\\/de\\\/rosa-maria-angela-ring\\\/\",\"url\":\"https:\\\/\\\/www.luuks.nl\\\/de\\\/rosa-maria-angela-ring\\\/\",\"name\":\"Rosa Maria Angela Ring | LUUKS\",\"isPartOf\":{\"@id\":\"https:\\\/\\\/www.luuks.nl\\\/#website\"},\"primaryImageOfPage\":{\"@id\":\"https:\\\/\\\/www.luuks.nl\\\/de\\\/rosa-maria-angela-ring\\\/#primaryimage\"},\"image\":{\"@id\":\"https:\\\/\\\/www.luuks.nl\\\/de\\\/rosa-maria-angela-ring\\\/#primaryimage\"},\"thumbnailUrl\":\"https:\\\/\\\/www.luuks.nl\\\/wp-content\\\/uploads\\\/2025\\\/12\\\/RosaMaria-Angela-dia-0-1.jpg\",\"datePublished\":\"2025-12-11T15:16:42+00:00\",\"dateModified\":\"2026-04-24T09:55:17+00:00\",\"description\":\"Entdecken Sie den Rosa Maria Silberring Angela mit Diamanten bei LUUKS. Kaufen Sie online mit weltweitem Versand oder besuchen Sie unsere Boutique in Amsterdam\",\"breadcrumb\":{\"@id\":\"https:\\\/\\\/www.luuks.nl\\\/de\\\/rosa-maria-angela-ring\\\/#breadcrumb\"},\"inLanguage\":\"de\",\"potentialAction\":[{\"@type\":\"ReadAction\",\"target\":[\"https:\\\/\\\/www.luuks.nl\\\/de\\\/rosa-maria-angela-ring\\\/\"]}]},{\"@type\":\"ImageObject\",\"inLanguage\":\"de\",\"@id\":\"https:\\\/\\\/www.luuks.nl\\\/de\\\/rosa-maria-angela-ring\\\/#primaryimage\",\"url\":\"https:\\\/\\\/www.luuks.nl\\\/wp-content\\\/uploads\\\/2025\\\/12\\\/RosaMaria-Angela-dia-0-1.jpg\",\"contentUrl\":\"https:\\\/\\\/www.luuks.nl\\\/wp-content\\\/uploads\\\/2025\\\/12\\\/RosaMaria-Angela-dia-0-1.jpg\",\"width\":1000,\"height\":1000},{\"@type\":\"BreadcrumbList\",\"@id\":\"https:\\\/\\\/www.luuks.nl\\\/de\\\/rosa-maria-angela-ring\\\/#breadcrumb\",\"itemListElement\":[{\"@type\":\"ListItem\",\"position\":1,\"name\":\"Home\",\"item\":\"https:\\\/\\\/www.luuks.nl\\\/de\\\/home\\\/\"},{\"@type\":\"ListItem\",\"position\":2,\"name\":\"Shop\",\"item\":\"https:\\\/\\\/www.luuks.nl\\\/de\\\/shop\\\/\"},{\"@type\":\"ListItem\",\"position\":3,\"name\":\"Rosa Maria Angela Ring\"}]},{\"@type\":\"WebSite\",\"@id\":\"https:\\\/\\\/www.luuks.nl\\\/#website\",\"url\":\"https:\\\/\\\/www.luuks.nl\\\/\",\"name\":\"LUUKS\",\"description\":\"Voor schoen- en accessoire liefhebbers die kiezen voor stijl en kwaliteit\",\"publisher\":{\"@id\":\"https:\\\/\\\/www.luuks.nl\\\/#organization\"},\"potentialAction\":[{\"@type\":\"SearchAction\",\"target\":{\"@type\":\"EntryPoint\",\"urlTemplate\":\"https:\\\/\\\/www.luuks.nl\\\/?s={search_term_string}\"},\"query-input\":{\"@type\":\"PropertyValueSpecification\",\"valueRequired\":true,\"valueName\":\"search_term_string\"}}],\"inLanguage\":\"de\"},{\"@type\":\"Organization\",\"@id\":\"https:\\\/\\\/www.luuks.nl\\\/#organization\",\"name\":\"LUUKS\",\"url\":\"https:\\\/\\\/www.luuks.nl\\\/\",\"logo\":{\"@type\":\"ImageObject\",\"inLanguage\":\"de\",\"@id\":\"https:\\\/\\\/www.luuks.nl\\\/#\\\/schema\\\/logo\\\/image\\\/\",\"url\":\"https:\\\/\\\/www.luuks.nl\\\/wp-content\\\/uploads\\\/2025\\\/11\\\/LUUKS_LOGO_Red.svg\",\"contentUrl\":\"https:\\\/\\\/www.luuks.nl\\\/wp-content\\\/uploads\\\/2025\\\/11\\\/LUUKS_LOGO_Red.svg\",\"caption\":\"LUUKS\"},\"image\":{\"@id\":\"https:\\\/\\\/www.luuks.nl\\\/#\\\/schema\\\/logo\\\/image\\\/\"}}]}<\/script>\n<!-- \/ Yoast SEO plugin. -->","yoast_head_json":{"title":"Rosa Maria Angela Ring | LUUKS","description":"Entdecken Sie den Rosa Maria Silberring Angela mit Diamanten bei LUUKS. Kaufen Sie online mit weltweitem Versand oder besuchen Sie unsere Boutique in Amsterdam","robots":{"index":"index","follow":"follow","max-snippet":"max-snippet:-1","max-image-preview":"max-image-preview:large","max-video-preview":"max-video-preview:-1"},"canonical":"https:\/\/www.luuks.nl\/de\/rosa-maria-angela-ring\/","og_locale":"de_DE","og_type":"article","og_title":"Rosa Maria Angela Ring | LUUKS","og_description":"Entdecken Sie den Rosa Maria Silberring Angela mit Diamanten bei LUUKS. Kaufen Sie online mit weltweitem Versand oder besuchen Sie unsere Boutique in Amsterdam","og_url":"https:\/\/www.luuks.nl\/de\/rosa-maria-angela-ring\/","og_site_name":"LUUKS","article_modified_time":"2026-04-24T09:55:17+00:00","og_image":[{"width":1000,"height":1000,"url":"https:\/\/www.luuks.nl\/wp-content\/uploads\/2025\/12\/RosaMaria-Angela-dia-0-1.jpg","type":"image\/jpeg"}],"twitter_card":"summary_large_image","schema":{"@context":"https:\/\/schema.org","@graph":[{"@type":"WebPage","@id":"https:\/\/www.luuks.nl\/de\/rosa-maria-angela-ring\/","url":"https:\/\/www.luuks.nl\/de\/rosa-maria-angela-ring\/","name":"Rosa Maria Angela Ring | LUUKS","isPartOf":{"@id":"https:\/\/www.luuks.nl\/#website"},"primaryImageOfPage":{"@id":"https:\/\/www.luuks.nl\/de\/rosa-maria-angela-ring\/#primaryimage"},"image":{"@id":"https:\/\/www.luuks.nl\/de\/rosa-maria-angela-ring\/#primaryimage"},"thumbnailUrl":"https:\/\/www.luuks.nl\/wp-content\/uploads\/2025\/12\/RosaMaria-Angela-dia-0-1.jpg","datePublished":"2025-12-11T15:16:42+00:00","dateModified":"2026-04-24T09:55:17+00:00","description":"Entdecken Sie den Rosa Maria Silberring Angela mit Diamanten bei LUUKS. Kaufen Sie online mit weltweitem Versand oder besuchen Sie unsere Boutique in Amsterdam","breadcrumb":{"@id":"https:\/\/www.luuks.nl\/de\/rosa-maria-angela-ring\/#breadcrumb"},"inLanguage":"de","potentialAction":[{"@type":"ReadAction","target":["https:\/\/www.luuks.nl\/de\/rosa-maria-angela-ring\/"]}]},{"@type":"ImageObject","inLanguage":"de","@id":"https:\/\/www.luuks.nl\/de\/rosa-maria-angela-ring\/#primaryimage","url":"https:\/\/www.luuks.nl\/wp-content\/uploads\/2025\/12\/RosaMaria-Angela-dia-0-1.jpg","contentUrl":"https:\/\/www.luuks.nl\/wp-content\/uploads\/2025\/12\/RosaMaria-Angela-dia-0-1.jpg","width":1000,"height":1000},{"@type":"BreadcrumbList","@id":"https:\/\/www.luuks.nl\/de\/rosa-maria-angela-ring\/#breadcrumb","itemListElement":[{"@type":"ListItem","position":1,"name":"Home","item":"https:\/\/www.luuks.nl\/de\/home\/"},{"@type":"ListItem","position":2,"name":"Shop","item":"https:\/\/www.luuks.nl\/de\/shop\/"},{"@type":"ListItem","position":3,"name":"Rosa Maria Angela Ring"}]},{"@type":"WebSite","@id":"https:\/\/www.luuks.nl\/#website","url":"https:\/\/www.luuks.nl\/","name":"LUUKS","description":"Voor schoen- en accessoire liefhebbers die kiezen voor stijl en kwaliteit","publisher":{"@id":"https:\/\/www.luuks.nl\/#organization"},"potentialAction":[{"@type":"SearchAction","target":{"@type":"EntryPoint","urlTemplate":"https:\/\/www.luuks.nl\/?s={search_term_string}"},"query-input":{"@type":"PropertyValueSpecification","valueRequired":true,"valueName":"search_term_string"}}],"inLanguage":"de"},{"@type":"Organization","@id":"https:\/\/www.luuks.nl\/#organization","name":"LUUKS","url":"https:\/\/www.luuks.nl\/","logo":{"@type":"ImageObject","inLanguage":"de","@id":"https:\/\/www.luuks.nl\/#\/schema\/logo\/image\/","url":"https:\/\/www.luuks.nl\/wp-content\/uploads\/2025\/11\/LUUKS_LOGO_Red.svg","contentUrl":"https:\/\/www.luuks.nl\/wp-content\/uploads\/2025\/11\/LUUKS_LOGO_Red.svg","caption":"LUUKS"},"image":{"@id":"https:\/\/www.luuks.nl\/#\/schema\/logo\/image\/"}}]}},"_links":{"self":[{"href":"https:\/\/www.luuks.nl\/de\/wp-json\/wp\/v2\/product\/15152","targetHints":{"allow":["GET"]}}],"collection":[{"href":"https:\/\/www.luuks.nl\/de\/wp-json\/wp\/v2\/product"}],"about":[{"href":"https:\/\/www.luuks.nl\/de\/wp-json\/wp\/v2\/types\/product"}],"wp:featuredmedia":[{"embeddable":true,"href":"https:\/\/www.luuks.nl\/de\/wp-json\/wp\/v2\/media\/15161"}],"wp:attachment":[{"href":"https:\/\/www.luuks.nl\/de\/wp-json\/wp\/v2\/media?parent=15152"}],"wp:term":[{"taxonomy":"product_brand","embeddable":true,"href":"https:\/\/www.luuks.nl\/de\/wp-json\/wp\/v2\/product_brand?post=15152"},{"taxonomy":"product_cat","embeddable":true,"href":"https:\/\/www.luuks.nl\/de\/wp-json\/wp\/v2\/product_cat?post=15152"},{"taxonomy":"product_tag","embeddable":true,"href":"https:\/\/www.luuks.nl\/de\/wp-json\/wp\/v2\/product_tag?post=15152"}],"curies":[{"name":"wp","href":"https:\/\/api.w.org\/{rel}","templated":true}]}}