{"id":18585,"date":"2026-01-13T11:22:17","date_gmt":"2026-01-13T10:22:17","guid":{"rendered":"https:\/\/www.luuks.nl\/rosa-maria-boann-black-dia\/"},"modified":"2026-03-16T21:14:18","modified_gmt":"2026-03-16T20:14:18","slug":"rosa-maria-boann-black-dia","status":"publish","type":"product","link":"https:\/\/www.luuks.nl\/de\/rosa-maria-boann-black-dia\/","title":{"rendered":"Rosa Maria \u2013 Boann black dia"},"content":{"rendered":"<p><strong> <\/strong><\/p>\n","protected":false},"excerpt":{"rendered":"<p>Oxidierter Silberring mit Blumenknospe.<\/p>\n<p>Jeder Rosa Maria Ring ist f\u00fcr sich schon wundersch\u00f6n, aber zusammen entstehen unendlich viele einzigartige Kombinationen. Abgebildeter Boann Ring kombiniert mit dem Beril mit hellrosa Amethyst<\/p>\n<p>Ist Ihre Gr\u00f6\u00dfe nicht dabei? Kein Problem. Wir k\u00f6nnen alle Ringe speziell in Ihrer Gr\u00f6\u00dfe bestellen. Die Lieferzeit betr\u00e4gt ca. 4\u20136 Wochen.   <\/p>\n<p>Sie zweifeln an einem Schmuckst\u00fcck? Nehmen Sie gerne Kontakt mit uns auf \u2013 wir helfen Ihnen gerne. Online gekaufte Schmuckst\u00fccke k\u00f6nnen leider nicht zur\u00fcckgegeben oder umgetauscht werden.  <\/p>\n<p>Sehen Sie die gesamte Rosa Maria Kollektion bei LUUKS<\/p>\n","protected":false},"featured_media":18587,"template":"","meta":{"site-sidebar-layout":"default","site-content-layout":"","ast-site-content-layout":"default","site-content-style":"default","site-sidebar-style":"default","ast-global-header-display":"","ast-banner-title-visibility":"","ast-main-header-display":"","ast-hfb-above-header-display":"","ast-hfb-below-header-display":"","ast-hfb-mobile-header-display":"","site-post-title":"","ast-breadcrumbs-content":"","ast-featured-img":"","footer-sml-layout":"","ast-disable-related-posts":"","theme-transparent-header-meta":"","adv-header-id-meta":"","stick-header-meta":"","header-above-stick-meta":"","header-main-stick-meta":"","header-below-stick-meta":"","astra-migrate-meta-layouts":"default","ast-page-background-enabled":"default","ast-page-background-meta":{"desktop":{"background-color":"var(--ast-global-color-4)","background-image":"","background-repeat":"repeat","background-position":"center center","background-size":"auto","background-attachment":"scroll","background-type":"","background-media":"","overlay-type":"","overlay-color":"","overlay-opacity":"","overlay-gradient":""},"tablet":{"background-color":"","background-image":"","background-repeat":"repeat","background-position":"center center","background-size":"auto","background-attachment":"scroll","background-type":"","background-media":"","overlay-type":"","overlay-color":"","overlay-opacity":"","overlay-gradient":""},"mobile":{"background-color":"","background-image":"","background-repeat":"repeat","background-position":"center center","background-size":"auto","background-attachment":"scroll","background-type":"","background-media":"","overlay-type":"","overlay-color":"","overlay-opacity":"","overlay-gradient":""}},"ast-content-background-meta":{"desktop":{"background-color":"var(--ast-global-color-5)","background-image":"","background-repeat":"repeat","background-position":"center center","background-size":"auto","background-attachment":"scroll","background-type":"","background-media":"","overlay-type":"","overlay-color":"","overlay-opacity":"","overlay-gradient":""},"tablet":{"background-color":"var(--ast-global-color-5)","background-image":"","background-repeat":"repeat","background-position":"center center","background-size":"auto","background-attachment":"scroll","background-type":"","background-media":"","overlay-type":"","overlay-color":"","overlay-opacity":"","overlay-gradient":""},"mobile":{"background-color":"var(--ast-global-color-5)","background-image":"","background-repeat":"repeat","background-position":"center center","background-size":"auto","background-attachment":"scroll","background-type":"","background-media":"","overlay-type":"","overlay-color":"","overlay-opacity":"","overlay-gradient":""}}},"product_brand":[1793],"product_cat":[655],"product_tag":[1907],"class_list":{"0":"post-18585","1":"product","2":"type-product","3":"status-publish","4":"has-post-thumbnail","6":"product_brand-rosa-maria","7":"product_cat-damen","8":"product_tag-warteliste","9":"pa_kleur-r-s-st-st-st-dix-blk","10":"pa_maat-1109","11":"pa_seizoen-hw2025","12":"desktop-align-center","13":"tablet-align-center","14":"mobile-align-center","15":"ast-product-gallery-layout-vertical","16":"ast-product-single-variable","18":"first","19":"instock","20":"taxable","21":"shipping-taxable","22":"purchasable","23":"product-type-variable","24":"has-default-attributes"},"yoast_head":"<!-- This site is optimized with the Yoast SEO plugin v27.4 - https:\/\/yoast.com\/product\/yoast-seo-wordpress\/ -->\n<title>Rosa Maria - Boann black dia - LUUKS<\/title>\n<meta name=\"robots\" content=\"index, follow, max-snippet:-1, max-image-preview:large, max-video-preview:-1\" \/>\n<link rel=\"canonical\" href=\"https:\/\/www.luuks.nl\/de\/rosa-maria-boann-black-dia\/\" \/>\n<meta property=\"og:locale\" content=\"de_DE\" \/>\n<meta property=\"og:type\" content=\"article\" \/>\n<meta property=\"og:title\" content=\"Rosa Maria - Boann black dia - LUUKS\" \/>\n<meta property=\"og:description\" content=\"Oxidierter Silberring mit Blumenknospe. Jeder Rosa Maria Ring ist f\u00fcr sich schon wundersch\u00f6n, aber zusammen entstehen unendlich viele einzigartige Kombinationen. Abgebildeter Boann Ring kombiniert mit dem Beril mit hellrosa Amethyst Ist Ihre Gr\u00f6\u00dfe nicht dabei? Kein Problem. Wir k\u00f6nnen alle Ringe speziell in Ihrer Gr\u00f6\u00dfe bestellen. Die Lieferzeit betr\u00e4gt ca. 4\u20136 Wochen.   Sie zweifeln an einem Schmuckst\u00fcck? Nehmen Sie gerne Kontakt mit uns auf \u2013 wir helfen Ihnen gerne. Online gekaufte Schmuckst\u00fccke k\u00f6nnen leider nicht zur\u00fcckgegeben oder umgetauscht werden.  Sehen Sie die gesamte Rosa Maria Kollektion bei LUUKS\" \/>\n<meta property=\"og:url\" content=\"https:\/\/www.luuks.nl\/de\/rosa-maria-boann-black-dia\/\" \/>\n<meta property=\"og:site_name\" content=\"LUUKS\" \/>\n<meta property=\"article:modified_time\" content=\"2026-03-16T20:14:18+00:00\" \/>\n<meta property=\"og:image\" content=\"https:\/\/www.luuks.nl\/wp-content\/uploads\/2025\/12\/RosaMaria-Boann-0.jpg\" \/>\n\t<meta property=\"og:image:width\" content=\"1000\" \/>\n\t<meta property=\"og:image:height\" content=\"1000\" \/>\n\t<meta property=\"og:image:type\" content=\"image\/jpeg\" \/>\n<meta name=\"twitter:card\" content=\"summary_large_image\" \/>\n<script type=\"application\/ld+json\" class=\"yoast-schema-graph\">{\"@context\":\"https:\\\/\\\/schema.org\",\"@graph\":[{\"@type\":\"WebPage\",\"@id\":\"https:\\\/\\\/www.luuks.nl\\\/de\\\/rosa-maria-boann-black-dia\\\/\",\"url\":\"https:\\\/\\\/www.luuks.nl\\\/de\\\/rosa-maria-boann-black-dia\\\/\",\"name\":\"Rosa Maria - Boann black dia - LUUKS\",\"isPartOf\":{\"@id\":\"https:\\\/\\\/www.luuks.nl\\\/#website\"},\"primaryImageOfPage\":{\"@id\":\"https:\\\/\\\/www.luuks.nl\\\/de\\\/rosa-maria-boann-black-dia\\\/#primaryimage\"},\"image\":{\"@id\":\"https:\\\/\\\/www.luuks.nl\\\/de\\\/rosa-maria-boann-black-dia\\\/#primaryimage\"},\"thumbnailUrl\":\"https:\\\/\\\/www.luuks.nl\\\/wp-content\\\/uploads\\\/2025\\\/12\\\/RosaMaria-Boann-0.jpg\",\"datePublished\":\"2026-01-13T10:22:17+00:00\",\"dateModified\":\"2026-03-16T20:14:18+00:00\",\"breadcrumb\":{\"@id\":\"https:\\\/\\\/www.luuks.nl\\\/de\\\/rosa-maria-boann-black-dia\\\/#breadcrumb\"},\"inLanguage\":\"de\",\"potentialAction\":[{\"@type\":\"ReadAction\",\"target\":[\"https:\\\/\\\/www.luuks.nl\\\/de\\\/rosa-maria-boann-black-dia\\\/\"]}]},{\"@type\":\"ImageObject\",\"inLanguage\":\"de\",\"@id\":\"https:\\\/\\\/www.luuks.nl\\\/de\\\/rosa-maria-boann-black-dia\\\/#primaryimage\",\"url\":\"https:\\\/\\\/www.luuks.nl\\\/wp-content\\\/uploads\\\/2025\\\/12\\\/RosaMaria-Boann-0.jpg\",\"contentUrl\":\"https:\\\/\\\/www.luuks.nl\\\/wp-content\\\/uploads\\\/2025\\\/12\\\/RosaMaria-Boann-0.jpg\",\"width\":1000,\"height\":1000},{\"@type\":\"BreadcrumbList\",\"@id\":\"https:\\\/\\\/www.luuks.nl\\\/de\\\/rosa-maria-boann-black-dia\\\/#breadcrumb\",\"itemListElement\":[{\"@type\":\"ListItem\",\"position\":1,\"name\":\"Home\",\"item\":\"https:\\\/\\\/www.luuks.nl\\\/de\\\/home\\\/\"},{\"@type\":\"ListItem\",\"position\":2,\"name\":\"Shop\",\"item\":\"https:\\\/\\\/www.luuks.nl\\\/de\\\/shop\\\/\"},{\"@type\":\"ListItem\",\"position\":3,\"name\":\"Rosa Maria \u2013 Boann black dia\"}]},{\"@type\":\"WebSite\",\"@id\":\"https:\\\/\\\/www.luuks.nl\\\/#website\",\"url\":\"https:\\\/\\\/www.luuks.nl\\\/\",\"name\":\"LUUKS\",\"description\":\"Voor schoen- en accessoire liefhebbers die kiezen voor stijl en kwaliteit\",\"publisher\":{\"@id\":\"https:\\\/\\\/www.luuks.nl\\\/#organization\"},\"potentialAction\":[{\"@type\":\"SearchAction\",\"target\":{\"@type\":\"EntryPoint\",\"urlTemplate\":\"https:\\\/\\\/www.luuks.nl\\\/?s={search_term_string}\"},\"query-input\":{\"@type\":\"PropertyValueSpecification\",\"valueRequired\":true,\"valueName\":\"search_term_string\"}}],\"inLanguage\":\"de\"},{\"@type\":\"Organization\",\"@id\":\"https:\\\/\\\/www.luuks.nl\\\/#organization\",\"name\":\"LUUKS\",\"url\":\"https:\\\/\\\/www.luuks.nl\\\/\",\"logo\":{\"@type\":\"ImageObject\",\"inLanguage\":\"de\",\"@id\":\"https:\\\/\\\/www.luuks.nl\\\/#\\\/schema\\\/logo\\\/image\\\/\",\"url\":\"https:\\\/\\\/www.luuks.nl\\\/wp-content\\\/uploads\\\/2025\\\/11\\\/LUUKS_LOGO_Red.svg\",\"contentUrl\":\"https:\\\/\\\/www.luuks.nl\\\/wp-content\\\/uploads\\\/2025\\\/11\\\/LUUKS_LOGO_Red.svg\",\"caption\":\"LUUKS\"},\"image\":{\"@id\":\"https:\\\/\\\/www.luuks.nl\\\/#\\\/schema\\\/logo\\\/image\\\/\"}}]}<\/script>\n<!-- \/ Yoast SEO plugin. -->","yoast_head_json":{"title":"Rosa Maria - Boann black dia - LUUKS","robots":{"index":"index","follow":"follow","max-snippet":"max-snippet:-1","max-image-preview":"max-image-preview:large","max-video-preview":"max-video-preview:-1"},"canonical":"https:\/\/www.luuks.nl\/de\/rosa-maria-boann-black-dia\/","og_locale":"de_DE","og_type":"article","og_title":"Rosa Maria - Boann black dia - LUUKS","og_description":"Oxidierter Silberring mit Blumenknospe. Jeder Rosa Maria Ring ist f\u00fcr sich schon wundersch\u00f6n, aber zusammen entstehen unendlich viele einzigartige Kombinationen. Abgebildeter Boann Ring kombiniert mit dem Beril mit hellrosa Amethyst Ist Ihre Gr\u00f6\u00dfe nicht dabei? Kein Problem. Wir k\u00f6nnen alle Ringe speziell in Ihrer Gr\u00f6\u00dfe bestellen. Die Lieferzeit betr\u00e4gt ca. 4\u20136 Wochen.   Sie zweifeln an einem Schmuckst\u00fcck? Nehmen Sie gerne Kontakt mit uns auf \u2013 wir helfen Ihnen gerne. Online gekaufte Schmuckst\u00fccke k\u00f6nnen leider nicht zur\u00fcckgegeben oder umgetauscht werden.  Sehen Sie die gesamte Rosa Maria Kollektion bei LUUKS","og_url":"https:\/\/www.luuks.nl\/de\/rosa-maria-boann-black-dia\/","og_site_name":"LUUKS","article_modified_time":"2026-03-16T20:14:18+00:00","og_image":[{"width":1000,"height":1000,"url":"https:\/\/www.luuks.nl\/wp-content\/uploads\/2025\/12\/RosaMaria-Boann-0.jpg","type":"image\/jpeg"}],"twitter_card":"summary_large_image","schema":{"@context":"https:\/\/schema.org","@graph":[{"@type":"WebPage","@id":"https:\/\/www.luuks.nl\/de\/rosa-maria-boann-black-dia\/","url":"https:\/\/www.luuks.nl\/de\/rosa-maria-boann-black-dia\/","name":"Rosa Maria - Boann black dia - LUUKS","isPartOf":{"@id":"https:\/\/www.luuks.nl\/#website"},"primaryImageOfPage":{"@id":"https:\/\/www.luuks.nl\/de\/rosa-maria-boann-black-dia\/#primaryimage"},"image":{"@id":"https:\/\/www.luuks.nl\/de\/rosa-maria-boann-black-dia\/#primaryimage"},"thumbnailUrl":"https:\/\/www.luuks.nl\/wp-content\/uploads\/2025\/12\/RosaMaria-Boann-0.jpg","datePublished":"2026-01-13T10:22:17+00:00","dateModified":"2026-03-16T20:14:18+00:00","breadcrumb":{"@id":"https:\/\/www.luuks.nl\/de\/rosa-maria-boann-black-dia\/#breadcrumb"},"inLanguage":"de","potentialAction":[{"@type":"ReadAction","target":["https:\/\/www.luuks.nl\/de\/rosa-maria-boann-black-dia\/"]}]},{"@type":"ImageObject","inLanguage":"de","@id":"https:\/\/www.luuks.nl\/de\/rosa-maria-boann-black-dia\/#primaryimage","url":"https:\/\/www.luuks.nl\/wp-content\/uploads\/2025\/12\/RosaMaria-Boann-0.jpg","contentUrl":"https:\/\/www.luuks.nl\/wp-content\/uploads\/2025\/12\/RosaMaria-Boann-0.jpg","width":1000,"height":1000},{"@type":"BreadcrumbList","@id":"https:\/\/www.luuks.nl\/de\/rosa-maria-boann-black-dia\/#breadcrumb","itemListElement":[{"@type":"ListItem","position":1,"name":"Home","item":"https:\/\/www.luuks.nl\/de\/home\/"},{"@type":"ListItem","position":2,"name":"Shop","item":"https:\/\/www.luuks.nl\/de\/shop\/"},{"@type":"ListItem","position":3,"name":"Rosa Maria \u2013 Boann black dia"}]},{"@type":"WebSite","@id":"https:\/\/www.luuks.nl\/#website","url":"https:\/\/www.luuks.nl\/","name":"LUUKS","description":"Voor schoen- en accessoire liefhebbers die kiezen voor stijl en kwaliteit","publisher":{"@id":"https:\/\/www.luuks.nl\/#organization"},"potentialAction":[{"@type":"SearchAction","target":{"@type":"EntryPoint","urlTemplate":"https:\/\/www.luuks.nl\/?s={search_term_string}"},"query-input":{"@type":"PropertyValueSpecification","valueRequired":true,"valueName":"search_term_string"}}],"inLanguage":"de"},{"@type":"Organization","@id":"https:\/\/www.luuks.nl\/#organization","name":"LUUKS","url":"https:\/\/www.luuks.nl\/","logo":{"@type":"ImageObject","inLanguage":"de","@id":"https:\/\/www.luuks.nl\/#\/schema\/logo\/image\/","url":"https:\/\/www.luuks.nl\/wp-content\/uploads\/2025\/11\/LUUKS_LOGO_Red.svg","contentUrl":"https:\/\/www.luuks.nl\/wp-content\/uploads\/2025\/11\/LUUKS_LOGO_Red.svg","caption":"LUUKS"},"image":{"@id":"https:\/\/www.luuks.nl\/#\/schema\/logo\/image\/"}}]}},"_links":{"self":[{"href":"https:\/\/www.luuks.nl\/de\/wp-json\/wp\/v2\/product\/18585","targetHints":{"allow":["GET"]}}],"collection":[{"href":"https:\/\/www.luuks.nl\/de\/wp-json\/wp\/v2\/product"}],"about":[{"href":"https:\/\/www.luuks.nl\/de\/wp-json\/wp\/v2\/types\/product"}],"wp:featuredmedia":[{"embeddable":true,"href":"https:\/\/www.luuks.nl\/de\/wp-json\/wp\/v2\/media\/18587"}],"wp:attachment":[{"href":"https:\/\/www.luuks.nl\/de\/wp-json\/wp\/v2\/media?parent=18585"}],"wp:term":[{"taxonomy":"product_brand","embeddable":true,"href":"https:\/\/www.luuks.nl\/de\/wp-json\/wp\/v2\/product_brand?post=18585"},{"taxonomy":"product_cat","embeddable":true,"href":"https:\/\/www.luuks.nl\/de\/wp-json\/wp\/v2\/product_cat?post=18585"},{"taxonomy":"product_tag","embeddable":true,"href":"https:\/\/www.luuks.nl\/de\/wp-json\/wp\/v2\/product_tag?post=18585"}],"curies":[{"name":"wp","href":"https:\/\/api.w.org\/{rel}","templated":true}]}}