{"id":18649,"date":"2026-01-13T11:22:10","date_gmt":"2026-01-13T10:22:10","guid":{"rendered":"https:\/\/www.luuks.nl\/rosa-maria-poppy-5-s-dia-co-7\/"},"modified":"2026-01-23T15:17:12","modified_gmt":"2026-01-23T14:17:12","slug":"rosa-maria-poppy-5-s-dia-co-7","status":"publish","type":"product","link":"https:\/\/www.luuks.nl\/de\/rosa-maria-poppy-5-s-dia-co-7\/","title":{"rendered":"Rosa Maria \u2013 Poppy 5 S Dia Co 7"},"content":{"rendered":"<p><strong> <\/strong><\/p>\n","protected":false},"excerpt":{"rendered":"<p>Silberner Poppy-Ring mit 6 cognacfarbenen Diamanten von 0,22 ct und einem in der Mitte von 0,06 ct.<\/p>\n<p> Wenn Sie Ihre Gr\u00f6\u00dfe nicht finden, machen Sie sich keine Sorgen, wir k\u00f6nnen diese Ringe speziell f\u00fcr Sie bestellen. Die Lieferzeit betr\u00e4gt 5\u20136 Wochen. Z\u00f6gern Sie nicht, uns f\u00fcr weitere Informationen zu kontaktieren.  <\/p>\n<p> Bitte beachten Sie, dass wir bei Online-Verk\u00e4ufen keine R\u00fccksendungen f\u00fcr Schmuck akzeptieren.<\/p>\n","protected":false},"featured_media":18650,"template":"","meta":{"site-sidebar-layout":"default","site-content-layout":"","ast-site-content-layout":"default","site-content-style":"default","site-sidebar-style":"default","ast-global-header-display":"","ast-banner-title-visibility":"","ast-main-header-display":"","ast-hfb-above-header-display":"","ast-hfb-below-header-display":"","ast-hfb-mobile-header-display":"","site-post-title":"","ast-breadcrumbs-content":"","ast-featured-img":"","footer-sml-layout":"","ast-disable-related-posts":"","theme-transparent-header-meta":"","adv-header-id-meta":"","stick-header-meta":"","header-above-stick-meta":"","header-main-stick-meta":"","header-below-stick-meta":"","astra-migrate-meta-layouts":"default","ast-page-background-enabled":"default","ast-page-background-meta":{"desktop":{"background-color":"var(--ast-global-color-4)","background-image":"","background-repeat":"repeat","background-position":"center center","background-size":"auto","background-attachment":"scroll","background-type":"","background-media":"","overlay-type":"","overlay-color":"","overlay-opacity":"","overlay-gradient":""},"tablet":{"background-color":"","background-image":"","background-repeat":"repeat","background-position":"center center","background-size":"auto","background-attachment":"scroll","background-type":"","background-media":"","overlay-type":"","overlay-color":"","overlay-opacity":"","overlay-gradient":""},"mobile":{"background-color":"","background-image":"","background-repeat":"repeat","background-position":"center center","background-size":"auto","background-attachment":"scroll","background-type":"","background-media":"","overlay-type":"","overlay-color":"","overlay-opacity":"","overlay-gradient":""}},"ast-content-background-meta":{"desktop":{"background-color":"var(--ast-global-color-5)","background-image":"","background-repeat":"repeat","background-position":"center center","background-size":"auto","background-attachment":"scroll","background-type":"","background-media":"","overlay-type":"","overlay-color":"","overlay-opacity":"","overlay-gradient":""},"tablet":{"background-color":"var(--ast-global-color-5)","background-image":"","background-repeat":"repeat","background-position":"center center","background-size":"auto","background-attachment":"scroll","background-type":"","background-media":"","overlay-type":"","overlay-color":"","overlay-opacity":"","overlay-gradient":""},"mobile":{"background-color":"var(--ast-global-color-5)","background-image":"","background-repeat":"repeat","background-position":"center center","background-size":"auto","background-attachment":"scroll","background-type":"","background-media":"","overlay-type":"","overlay-color":"","overlay-opacity":"","overlay-gradient":""}}},"product_brand":[1793],"product_cat":[717,655,939],"product_tag":[1907],"class_list":{"0":"post-18649","1":"product","2":"type-product","3":"status-publish","4":"has-post-thumbnail","6":"product_brand-rosa-maria","7":"product_cat-accessoires-damen","8":"product_cat-damen","9":"product_cat-schmuck-damen","10":"product_tag-warteliste","11":"pa_kleur-silber","12":"pa_maat-1109","13":"pa_seizoen-hw2025","14":"desktop-align-center","15":"tablet-align-center","16":"mobile-align-center","17":"ast-product-gallery-layout-vertical","18":"ast-product-gallery-with-no-image","19":"ast-product-single-variable","21":"first","22":"instock","23":"taxable","24":"shipping-taxable","25":"purchasable","26":"product-type-variable","27":"has-default-attributes"},"yoast_head":"<!-- This site is optimized with the Yoast SEO plugin v27.4 - https:\/\/yoast.com\/product\/yoast-seo-wordpress\/ -->\n<title>Rosa Maria \u2013 Poppy 5 S Dia Co 7 - LUUKS<\/title>\n<meta name=\"robots\" content=\"index, follow, max-snippet:-1, max-image-preview:large, max-video-preview:-1\" \/>\n<link rel=\"canonical\" href=\"https:\/\/www.luuks.nl\/de\/rosa-maria-poppy-5-s-dia-co-7\/\" \/>\n<meta property=\"og:locale\" content=\"de_DE\" \/>\n<meta property=\"og:type\" content=\"article\" \/>\n<meta property=\"og:title\" content=\"Rosa Maria \u2013 Poppy 5 S Dia Co 7 - LUUKS\" \/>\n<meta property=\"og:description\" content=\"Silberner Poppy-Ring mit 6 cognacfarbenen Diamanten von 0,22 ct und einem in der Mitte von 0,06 ct.   Wenn Sie Ihre Gr\u00f6\u00dfe nicht finden, machen Sie sich keine Sorgen, wir k\u00f6nnen diese Ringe speziell f\u00fcr Sie bestellen. Die Lieferzeit betr\u00e4gt 5\u20136 Wochen. Z\u00f6gern Sie nicht, uns f\u00fcr weitere Informationen zu kontaktieren.    Bitte beachten Sie, dass wir bei Online-Verk\u00e4ufen keine R\u00fccksendungen f\u00fcr Schmuck akzeptieren.\" \/>\n<meta property=\"og:url\" content=\"https:\/\/www.luuks.nl\/de\/rosa-maria-poppy-5-s-dia-co-7\/\" \/>\n<meta property=\"og:site_name\" content=\"LUUKS\" \/>\n<meta property=\"article:modified_time\" content=\"2026-01-23T14:17:12+00:00\" \/>\n<meta property=\"og:image\" content=\"https:\/\/www.luuks.nl\/wp-content\/uploads\/2025\/12\/RosaMaria-Poppy5-cognacdiamonds-0.jpg\" \/>\n\t<meta property=\"og:image:width\" content=\"1000\" \/>\n\t<meta property=\"og:image:height\" content=\"1000\" \/>\n\t<meta property=\"og:image:type\" content=\"image\/jpeg\" \/>\n<meta name=\"twitter:card\" content=\"summary_large_image\" \/>\n<script type=\"application\/ld+json\" class=\"yoast-schema-graph\">{\"@context\":\"https:\\\/\\\/schema.org\",\"@graph\":[{\"@type\":\"WebPage\",\"@id\":\"https:\\\/\\\/www.luuks.nl\\\/de\\\/rosa-maria-poppy-5-s-dia-co-7\\\/\",\"url\":\"https:\\\/\\\/www.luuks.nl\\\/de\\\/rosa-maria-poppy-5-s-dia-co-7\\\/\",\"name\":\"Rosa Maria \u2013 Poppy 5 S Dia Co 7 - LUUKS\",\"isPartOf\":{\"@id\":\"https:\\\/\\\/www.luuks.nl\\\/#website\"},\"primaryImageOfPage\":{\"@id\":\"https:\\\/\\\/www.luuks.nl\\\/de\\\/rosa-maria-poppy-5-s-dia-co-7\\\/#primaryimage\"},\"image\":{\"@id\":\"https:\\\/\\\/www.luuks.nl\\\/de\\\/rosa-maria-poppy-5-s-dia-co-7\\\/#primaryimage\"},\"thumbnailUrl\":\"https:\\\/\\\/www.luuks.nl\\\/wp-content\\\/uploads\\\/2025\\\/12\\\/RosaMaria-Poppy5-cognacdiamonds-0.jpg\",\"datePublished\":\"2026-01-13T10:22:10+00:00\",\"dateModified\":\"2026-01-23T14:17:12+00:00\",\"breadcrumb\":{\"@id\":\"https:\\\/\\\/www.luuks.nl\\\/de\\\/rosa-maria-poppy-5-s-dia-co-7\\\/#breadcrumb\"},\"inLanguage\":\"de\",\"potentialAction\":[{\"@type\":\"ReadAction\",\"target\":[\"https:\\\/\\\/www.luuks.nl\\\/de\\\/rosa-maria-poppy-5-s-dia-co-7\\\/\"]}]},{\"@type\":\"ImageObject\",\"inLanguage\":\"de\",\"@id\":\"https:\\\/\\\/www.luuks.nl\\\/de\\\/rosa-maria-poppy-5-s-dia-co-7\\\/#primaryimage\",\"url\":\"https:\\\/\\\/www.luuks.nl\\\/wp-content\\\/uploads\\\/2025\\\/12\\\/RosaMaria-Poppy5-cognacdiamonds-0.jpg\",\"contentUrl\":\"https:\\\/\\\/www.luuks.nl\\\/wp-content\\\/uploads\\\/2025\\\/12\\\/RosaMaria-Poppy5-cognacdiamonds-0.jpg\",\"width\":1000,\"height\":1000},{\"@type\":\"BreadcrumbList\",\"@id\":\"https:\\\/\\\/www.luuks.nl\\\/de\\\/rosa-maria-poppy-5-s-dia-co-7\\\/#breadcrumb\",\"itemListElement\":[{\"@type\":\"ListItem\",\"position\":1,\"name\":\"Home\",\"item\":\"https:\\\/\\\/www.luuks.nl\\\/de\\\/home\\\/\"},{\"@type\":\"ListItem\",\"position\":2,\"name\":\"Shop\",\"item\":\"https:\\\/\\\/www.luuks.nl\\\/de\\\/shop\\\/\"},{\"@type\":\"ListItem\",\"position\":3,\"name\":\"Rosa Maria \u2013 Poppy 5 S Dia Co 7\"}]},{\"@type\":\"WebSite\",\"@id\":\"https:\\\/\\\/www.luuks.nl\\\/#website\",\"url\":\"https:\\\/\\\/www.luuks.nl\\\/\",\"name\":\"LUUKS\",\"description\":\"Voor schoen- en accessoire liefhebbers die kiezen voor stijl en kwaliteit\",\"publisher\":{\"@id\":\"https:\\\/\\\/www.luuks.nl\\\/#organization\"},\"potentialAction\":[{\"@type\":\"SearchAction\",\"target\":{\"@type\":\"EntryPoint\",\"urlTemplate\":\"https:\\\/\\\/www.luuks.nl\\\/?s={search_term_string}\"},\"query-input\":{\"@type\":\"PropertyValueSpecification\",\"valueRequired\":true,\"valueName\":\"search_term_string\"}}],\"inLanguage\":\"de\"},{\"@type\":\"Organization\",\"@id\":\"https:\\\/\\\/www.luuks.nl\\\/#organization\",\"name\":\"LUUKS\",\"url\":\"https:\\\/\\\/www.luuks.nl\\\/\",\"logo\":{\"@type\":\"ImageObject\",\"inLanguage\":\"de\",\"@id\":\"https:\\\/\\\/www.luuks.nl\\\/#\\\/schema\\\/logo\\\/image\\\/\",\"url\":\"https:\\\/\\\/www.luuks.nl\\\/wp-content\\\/uploads\\\/2025\\\/11\\\/LUUKS_LOGO_Red.svg\",\"contentUrl\":\"https:\\\/\\\/www.luuks.nl\\\/wp-content\\\/uploads\\\/2025\\\/11\\\/LUUKS_LOGO_Red.svg\",\"caption\":\"LUUKS\"},\"image\":{\"@id\":\"https:\\\/\\\/www.luuks.nl\\\/#\\\/schema\\\/logo\\\/image\\\/\"}}]}<\/script>\n<!-- \/ Yoast SEO plugin. -->","yoast_head_json":{"title":"Rosa Maria \u2013 Poppy 5 S Dia Co 7 - LUUKS","robots":{"index":"index","follow":"follow","max-snippet":"max-snippet:-1","max-image-preview":"max-image-preview:large","max-video-preview":"max-video-preview:-1"},"canonical":"https:\/\/www.luuks.nl\/de\/rosa-maria-poppy-5-s-dia-co-7\/","og_locale":"de_DE","og_type":"article","og_title":"Rosa Maria \u2013 Poppy 5 S Dia Co 7 - LUUKS","og_description":"Silberner Poppy-Ring mit 6 cognacfarbenen Diamanten von 0,22 ct und einem in der Mitte von 0,06 ct.   Wenn Sie Ihre Gr\u00f6\u00dfe nicht finden, machen Sie sich keine Sorgen, wir k\u00f6nnen diese Ringe speziell f\u00fcr Sie bestellen. Die Lieferzeit betr\u00e4gt 5\u20136 Wochen. Z\u00f6gern Sie nicht, uns f\u00fcr weitere Informationen zu kontaktieren.    Bitte beachten Sie, dass wir bei Online-Verk\u00e4ufen keine R\u00fccksendungen f\u00fcr Schmuck akzeptieren.","og_url":"https:\/\/www.luuks.nl\/de\/rosa-maria-poppy-5-s-dia-co-7\/","og_site_name":"LUUKS","article_modified_time":"2026-01-23T14:17:12+00:00","og_image":[{"width":1000,"height":1000,"url":"https:\/\/www.luuks.nl\/wp-content\/uploads\/2025\/12\/RosaMaria-Poppy5-cognacdiamonds-0.jpg","type":"image\/jpeg"}],"twitter_card":"summary_large_image","schema":{"@context":"https:\/\/schema.org","@graph":[{"@type":"WebPage","@id":"https:\/\/www.luuks.nl\/de\/rosa-maria-poppy-5-s-dia-co-7\/","url":"https:\/\/www.luuks.nl\/de\/rosa-maria-poppy-5-s-dia-co-7\/","name":"Rosa Maria \u2013 Poppy 5 S Dia Co 7 - LUUKS","isPartOf":{"@id":"https:\/\/www.luuks.nl\/#website"},"primaryImageOfPage":{"@id":"https:\/\/www.luuks.nl\/de\/rosa-maria-poppy-5-s-dia-co-7\/#primaryimage"},"image":{"@id":"https:\/\/www.luuks.nl\/de\/rosa-maria-poppy-5-s-dia-co-7\/#primaryimage"},"thumbnailUrl":"https:\/\/www.luuks.nl\/wp-content\/uploads\/2025\/12\/RosaMaria-Poppy5-cognacdiamonds-0.jpg","datePublished":"2026-01-13T10:22:10+00:00","dateModified":"2026-01-23T14:17:12+00:00","breadcrumb":{"@id":"https:\/\/www.luuks.nl\/de\/rosa-maria-poppy-5-s-dia-co-7\/#breadcrumb"},"inLanguage":"de","potentialAction":[{"@type":"ReadAction","target":["https:\/\/www.luuks.nl\/de\/rosa-maria-poppy-5-s-dia-co-7\/"]}]},{"@type":"ImageObject","inLanguage":"de","@id":"https:\/\/www.luuks.nl\/de\/rosa-maria-poppy-5-s-dia-co-7\/#primaryimage","url":"https:\/\/www.luuks.nl\/wp-content\/uploads\/2025\/12\/RosaMaria-Poppy5-cognacdiamonds-0.jpg","contentUrl":"https:\/\/www.luuks.nl\/wp-content\/uploads\/2025\/12\/RosaMaria-Poppy5-cognacdiamonds-0.jpg","width":1000,"height":1000},{"@type":"BreadcrumbList","@id":"https:\/\/www.luuks.nl\/de\/rosa-maria-poppy-5-s-dia-co-7\/#breadcrumb","itemListElement":[{"@type":"ListItem","position":1,"name":"Home","item":"https:\/\/www.luuks.nl\/de\/home\/"},{"@type":"ListItem","position":2,"name":"Shop","item":"https:\/\/www.luuks.nl\/de\/shop\/"},{"@type":"ListItem","position":3,"name":"Rosa Maria \u2013 Poppy 5 S Dia Co 7"}]},{"@type":"WebSite","@id":"https:\/\/www.luuks.nl\/#website","url":"https:\/\/www.luuks.nl\/","name":"LUUKS","description":"Voor schoen- en accessoire liefhebbers die kiezen voor stijl en kwaliteit","publisher":{"@id":"https:\/\/www.luuks.nl\/#organization"},"potentialAction":[{"@type":"SearchAction","target":{"@type":"EntryPoint","urlTemplate":"https:\/\/www.luuks.nl\/?s={search_term_string}"},"query-input":{"@type":"PropertyValueSpecification","valueRequired":true,"valueName":"search_term_string"}}],"inLanguage":"de"},{"@type":"Organization","@id":"https:\/\/www.luuks.nl\/#organization","name":"LUUKS","url":"https:\/\/www.luuks.nl\/","logo":{"@type":"ImageObject","inLanguage":"de","@id":"https:\/\/www.luuks.nl\/#\/schema\/logo\/image\/","url":"https:\/\/www.luuks.nl\/wp-content\/uploads\/2025\/11\/LUUKS_LOGO_Red.svg","contentUrl":"https:\/\/www.luuks.nl\/wp-content\/uploads\/2025\/11\/LUUKS_LOGO_Red.svg","caption":"LUUKS"},"image":{"@id":"https:\/\/www.luuks.nl\/#\/schema\/logo\/image\/"}}]}},"_links":{"self":[{"href":"https:\/\/www.luuks.nl\/de\/wp-json\/wp\/v2\/product\/18649","targetHints":{"allow":["GET"]}}],"collection":[{"href":"https:\/\/www.luuks.nl\/de\/wp-json\/wp\/v2\/product"}],"about":[{"href":"https:\/\/www.luuks.nl\/de\/wp-json\/wp\/v2\/types\/product"}],"wp:featuredmedia":[{"embeddable":true,"href":"https:\/\/www.luuks.nl\/de\/wp-json\/wp\/v2\/media\/18650"}],"wp:attachment":[{"href":"https:\/\/www.luuks.nl\/de\/wp-json\/wp\/v2\/media?parent=18649"}],"wp:term":[{"taxonomy":"product_brand","embeddable":true,"href":"https:\/\/www.luuks.nl\/de\/wp-json\/wp\/v2\/product_brand?post=18649"},{"taxonomy":"product_cat","embeddable":true,"href":"https:\/\/www.luuks.nl\/de\/wp-json\/wp\/v2\/product_cat?post=18649"},{"taxonomy":"product_tag","embeddable":true,"href":"https:\/\/www.luuks.nl\/de\/wp-json\/wp\/v2\/product_tag?post=18649"}],"curies":[{"name":"wp","href":"https:\/\/api.w.org\/{rel}","templated":true}]}}