{"id":22416,"date":"2026-03-12T15:50:19","date_gmt":"2026-03-12T14:50:19","guid":{"rendered":"https:\/\/www.luuks.nl\/?post_type=product&#038;p=22416"},"modified":"2026-03-16T15:33:55","modified_gmt":"2026-03-16T14:33:55","slug":"vibae-roma-bio-sand","status":"publish","type":"product","link":"https:\/\/www.luuks.nl\/de\/vibae-roma-bio-sand\/","title":{"rendered":"VIBAe Roma suede slipper Bio Sand"},"content":{"rendered":"<p><strong> <\/strong><\/p>\n","protected":false},"excerpt":{"rendered":"<p class=\"isSelectedEnd\">Der <strong>VIBAe Roma Slipper<\/strong> ist ein minimalistischer Unisex-Slipper mit einem zeitlosen Design und au\u00dfergew\u00f6hnlichem Komfort. Dank des ergonomischen Fu\u00dfbetts und des geschmeidigen Wildleders schmiegt sich der Slipper an den Fu\u00df an und ist ideal f\u00fcr das t\u00e4gliche Tragen. <\/p>\n<p class=\"isSelectedEnd\">Entworfen in Finnland und handgefertigt in Portugal aus hochwertigen Materialien.<\/p>\n<p>Eine vielseitige Sandale, die sowohl drinnen als auch drau\u00dfen getragen werden kann.<\/p>\n<p>Gr\u00f6\u00dfe &amp; Passform: F\u00e4llt gr\u00f6\u00dfengerecht aus<\/p>\n<p>Alle <a href=\"https:\/\/www.luuks.nl\/de\/marke\/vibae\/\">VIBAe<\/a> Modelle bei LUUKS ansehen<\/p>\n<p>&nbsp;<\/p>\n","protected":false},"featured_media":22584,"template":"","meta":{"site-sidebar-layout":"default","site-content-layout":"","ast-site-content-layout":"default","site-content-style":"default","site-sidebar-style":"default","ast-global-header-display":"","ast-banner-title-visibility":"","ast-main-header-display":"","ast-hfb-above-header-display":"","ast-hfb-below-header-display":"","ast-hfb-mobile-header-display":"","site-post-title":"","ast-breadcrumbs-content":"","ast-featured-img":"","footer-sml-layout":"","ast-disable-related-posts":"","theme-transparent-header-meta":"default","adv-header-id-meta":"","stick-header-meta":"default","header-above-stick-meta":"","header-main-stick-meta":"","header-below-stick-meta":"","astra-migrate-meta-layouts":"set","ast-page-background-enabled":"default","ast-page-background-meta":{"desktop":{"background-color":"var(--ast-global-color-4)","background-image":"","background-repeat":"repeat","background-position":"center center","background-size":"auto","background-attachment":"scroll","background-type":"","background-media":"","overlay-type":"","overlay-color":"","overlay-opacity":"","overlay-gradient":""},"tablet":{"background-color":"","background-image":"","background-repeat":"repeat","background-position":"center center","background-size":"auto","background-attachment":"scroll","background-type":"","background-media":"","overlay-type":"","overlay-color":"","overlay-opacity":"","overlay-gradient":""},"mobile":{"background-color":"","background-image":"","background-repeat":"repeat","background-position":"center center","background-size":"auto","background-attachment":"scroll","background-type":"","background-media":"","overlay-type":"","overlay-color":"","overlay-opacity":"","overlay-gradient":""}},"ast-content-background-meta":{"desktop":{"background-color":"var(--ast-global-color-5)","background-image":"","background-repeat":"repeat","background-position":"center center","background-size":"auto","background-attachment":"scroll","background-type":"","background-media":"","overlay-type":"","overlay-color":"","overlay-opacity":"","overlay-gradient":""},"tablet":{"background-color":"var(--ast-global-color-5)","background-image":"","background-repeat":"repeat","background-position":"center center","background-size":"auto","background-attachment":"scroll","background-type":"","background-media":"","overlay-type":"","overlay-color":"","overlay-opacity":"","overlay-gradient":""},"mobile":{"background-color":"var(--ast-global-color-5)","background-image":"","background-repeat":"repeat","background-position":"center center","background-size":"auto","background-attachment":"scroll","background-type":"","background-media":"","overlay-type":"","overlay-color":"","overlay-opacity":"","overlay-gradient":""}}},"product_brand":[1802],"product_cat":[655,727,771,740,1358,670,1357,1637],"product_tag":[1907],"class_list":{"0":"post-22416","1":"product","2":"type-product","3":"status-publish","4":"has-post-thumbnail","6":"product_brand-vibae","7":"product_cat-damen","8":"product_cat-herren","9":"product_cat-loafer-schnurschuhe-damen","10":"product_cat-sandalen-pantoletten-damen","11":"product_cat-sandalen-pantoletten-herren","12":"product_cat-schuhe-damen","13":"product_cat-slipper-herren","14":"product_cat-unisex","15":"product_tag-warteliste","16":"pa_kleur-desert-sand","17":"pa_maat-682","18":"pa_maat-675","19":"pa_maat-674","20":"pa_maat-663","21":"pa_maat-676","22":"pa_maat-721","23":"pa_maat-751","24":"pa_maat-719","25":"pa_maat-722","26":"pa_maat-885","27":"pa_maat-1863","28":"pa_seizoen-lz2026","29":"desktop-align-center","30":"tablet-align-center","31":"mobile-align-center","32":"ast-product-gallery-layout-vertical","33":"ast-product-single-variable","35":"first","36":"instock","37":"taxable","38":"shipping-taxable","39":"purchasable","40":"product-type-variable","41":"has-default-attributes"},"yoast_head":"<!-- This site is optimized with the Yoast SEO plugin v27.4 - https:\/\/yoast.com\/product\/yoast-seo-wordpress\/ -->\n<title>VIBAe Roma suede slipper Bio Sand | LUUKS Amsterdam<\/title>\n<meta name=\"description\" content=\"Entdecken Sie den VIBAe Roma Wildleder-Slipper Bio Sand bei LUUKS. Ein bequemer VIBAe Roma Slipper aus weichem Wildleder. Kaufen Sie online oder besuchen Sie unser Gesch\u00e4ft in Amsterdam.\" \/>\n<meta name=\"robots\" content=\"index, follow, max-snippet:-1, max-image-preview:large, max-video-preview:-1\" \/>\n<link rel=\"canonical\" href=\"https:\/\/www.luuks.nl\/de\/vibae-roma-bio-sand\/\" \/>\n<meta property=\"og:locale\" content=\"de_DE\" \/>\n<meta property=\"og:type\" content=\"article\" \/>\n<meta property=\"og:title\" content=\"VIBAe Roma suede slipper Bio Sand | LUUKS Amsterdam\" \/>\n<meta property=\"og:description\" content=\"Entdecken Sie den VIBAe Roma Wildleder-Slipper Bio Sand bei LUUKS. Ein bequemer VIBAe Roma Slipper aus weichem Wildleder. Kaufen Sie online oder besuchen Sie unser Gesch\u00e4ft in Amsterdam.\" \/>\n<meta property=\"og:url\" content=\"https:\/\/www.luuks.nl\/de\/vibae-roma-bio-sand\/\" \/>\n<meta property=\"og:site_name\" content=\"LUUKS\" \/>\n<meta property=\"article:modified_time\" content=\"2026-03-16T14:33:55+00:00\" \/>\n<meta property=\"og:image\" content=\"https:\/\/www.luuks.nl\/wp-content\/uploads\/2026\/03\/VIBAe-Roma-suede-sand-0.jpg\" \/>\n\t<meta property=\"og:image:width\" content=\"1000\" \/>\n\t<meta property=\"og:image:height\" content=\"1000\" \/>\n\t<meta property=\"og:image:type\" content=\"image\/jpeg\" \/>\n<meta name=\"twitter:card\" content=\"summary_large_image\" \/>\n<script type=\"application\/ld+json\" class=\"yoast-schema-graph\">{\"@context\":\"https:\\\/\\\/schema.org\",\"@graph\":[{\"@type\":\"WebPage\",\"@id\":\"https:\\\/\\\/www.luuks.nl\\\/de\\\/vibae-roma-bio-sand\\\/\",\"url\":\"https:\\\/\\\/www.luuks.nl\\\/de\\\/vibae-roma-bio-sand\\\/\",\"name\":\"VIBAe Roma suede slipper Bio Sand | LUUKS Amsterdam\",\"isPartOf\":{\"@id\":\"https:\\\/\\\/www.luuks.nl\\\/#website\"},\"primaryImageOfPage\":{\"@id\":\"https:\\\/\\\/www.luuks.nl\\\/de\\\/vibae-roma-bio-sand\\\/#primaryimage\"},\"image\":{\"@id\":\"https:\\\/\\\/www.luuks.nl\\\/de\\\/vibae-roma-bio-sand\\\/#primaryimage\"},\"thumbnailUrl\":\"https:\\\/\\\/www.luuks.nl\\\/wp-content\\\/uploads\\\/2026\\\/03\\\/VIBAe-Roma-suede-sand-0.jpg\",\"datePublished\":\"2026-03-12T14:50:19+00:00\",\"dateModified\":\"2026-03-16T14:33:55+00:00\",\"description\":\"Entdecken Sie den VIBAe Roma Wildleder-Slipper Bio Sand bei LUUKS. Ein bequemer VIBAe Roma Slipper aus weichem Wildleder. Kaufen Sie online oder besuchen Sie unser Gesch\u00e4ft in Amsterdam.\",\"breadcrumb\":{\"@id\":\"https:\\\/\\\/www.luuks.nl\\\/de\\\/vibae-roma-bio-sand\\\/#breadcrumb\"},\"inLanguage\":\"de\",\"potentialAction\":[{\"@type\":\"ReadAction\",\"target\":[\"https:\\\/\\\/www.luuks.nl\\\/de\\\/vibae-roma-bio-sand\\\/\"]}]},{\"@type\":\"ImageObject\",\"inLanguage\":\"de\",\"@id\":\"https:\\\/\\\/www.luuks.nl\\\/de\\\/vibae-roma-bio-sand\\\/#primaryimage\",\"url\":\"https:\\\/\\\/www.luuks.nl\\\/wp-content\\\/uploads\\\/2026\\\/03\\\/VIBAe-Roma-suede-sand-0.jpg\",\"contentUrl\":\"https:\\\/\\\/www.luuks.nl\\\/wp-content\\\/uploads\\\/2026\\\/03\\\/VIBAe-Roma-suede-sand-0.jpg\",\"width\":1000,\"height\":1000,\"caption\":\"VIBAe Roma suede slipper sand\"},{\"@type\":\"BreadcrumbList\",\"@id\":\"https:\\\/\\\/www.luuks.nl\\\/de\\\/vibae-roma-bio-sand\\\/#breadcrumb\",\"itemListElement\":[{\"@type\":\"ListItem\",\"position\":1,\"name\":\"Home\",\"item\":\"https:\\\/\\\/www.luuks.nl\\\/de\\\/home\\\/\"},{\"@type\":\"ListItem\",\"position\":2,\"name\":\"Shop\",\"item\":\"https:\\\/\\\/www.luuks.nl\\\/de\\\/shop\\\/\"},{\"@type\":\"ListItem\",\"position\":3,\"name\":\"VIBAe Roma suede slipper Bio Sand\"}]},{\"@type\":\"WebSite\",\"@id\":\"https:\\\/\\\/www.luuks.nl\\\/#website\",\"url\":\"https:\\\/\\\/www.luuks.nl\\\/\",\"name\":\"LUUKS\",\"description\":\"Voor schoen- en accessoire liefhebbers die kiezen voor stijl en kwaliteit\",\"publisher\":{\"@id\":\"https:\\\/\\\/www.luuks.nl\\\/#organization\"},\"potentialAction\":[{\"@type\":\"SearchAction\",\"target\":{\"@type\":\"EntryPoint\",\"urlTemplate\":\"https:\\\/\\\/www.luuks.nl\\\/?s={search_term_string}\"},\"query-input\":{\"@type\":\"PropertyValueSpecification\",\"valueRequired\":true,\"valueName\":\"search_term_string\"}}],\"inLanguage\":\"de\"},{\"@type\":\"Organization\",\"@id\":\"https:\\\/\\\/www.luuks.nl\\\/#organization\",\"name\":\"LUUKS\",\"url\":\"https:\\\/\\\/www.luuks.nl\\\/\",\"logo\":{\"@type\":\"ImageObject\",\"inLanguage\":\"de\",\"@id\":\"https:\\\/\\\/www.luuks.nl\\\/#\\\/schema\\\/logo\\\/image\\\/\",\"url\":\"https:\\\/\\\/www.luuks.nl\\\/wp-content\\\/uploads\\\/2025\\\/11\\\/LUUKS_LOGO_Red.svg\",\"contentUrl\":\"https:\\\/\\\/www.luuks.nl\\\/wp-content\\\/uploads\\\/2025\\\/11\\\/LUUKS_LOGO_Red.svg\",\"caption\":\"LUUKS\"},\"image\":{\"@id\":\"https:\\\/\\\/www.luuks.nl\\\/#\\\/schema\\\/logo\\\/image\\\/\"}}]}<\/script>\n<!-- \/ Yoast SEO plugin. -->","yoast_head_json":{"title":"VIBAe Roma suede slipper Bio Sand | LUUKS Amsterdam","description":"Entdecken Sie den VIBAe Roma Wildleder-Slipper Bio Sand bei LUUKS. Ein bequemer VIBAe Roma Slipper aus weichem Wildleder. Kaufen Sie online oder besuchen Sie unser Gesch\u00e4ft in Amsterdam.","robots":{"index":"index","follow":"follow","max-snippet":"max-snippet:-1","max-image-preview":"max-image-preview:large","max-video-preview":"max-video-preview:-1"},"canonical":"https:\/\/www.luuks.nl\/de\/vibae-roma-bio-sand\/","og_locale":"de_DE","og_type":"article","og_title":"VIBAe Roma suede slipper Bio Sand | LUUKS Amsterdam","og_description":"Entdecken Sie den VIBAe Roma Wildleder-Slipper Bio Sand bei LUUKS. Ein bequemer VIBAe Roma Slipper aus weichem Wildleder. Kaufen Sie online oder besuchen Sie unser Gesch\u00e4ft in Amsterdam.","og_url":"https:\/\/www.luuks.nl\/de\/vibae-roma-bio-sand\/","og_site_name":"LUUKS","article_modified_time":"2026-03-16T14:33:55+00:00","og_image":[{"width":1000,"height":1000,"url":"https:\/\/www.luuks.nl\/wp-content\/uploads\/2026\/03\/VIBAe-Roma-suede-sand-0.jpg","type":"image\/jpeg"}],"twitter_card":"summary_large_image","schema":{"@context":"https:\/\/schema.org","@graph":[{"@type":"WebPage","@id":"https:\/\/www.luuks.nl\/de\/vibae-roma-bio-sand\/","url":"https:\/\/www.luuks.nl\/de\/vibae-roma-bio-sand\/","name":"VIBAe Roma suede slipper Bio Sand | LUUKS Amsterdam","isPartOf":{"@id":"https:\/\/www.luuks.nl\/#website"},"primaryImageOfPage":{"@id":"https:\/\/www.luuks.nl\/de\/vibae-roma-bio-sand\/#primaryimage"},"image":{"@id":"https:\/\/www.luuks.nl\/de\/vibae-roma-bio-sand\/#primaryimage"},"thumbnailUrl":"https:\/\/www.luuks.nl\/wp-content\/uploads\/2026\/03\/VIBAe-Roma-suede-sand-0.jpg","datePublished":"2026-03-12T14:50:19+00:00","dateModified":"2026-03-16T14:33:55+00:00","description":"Entdecken Sie den VIBAe Roma Wildleder-Slipper Bio Sand bei LUUKS. Ein bequemer VIBAe Roma Slipper aus weichem Wildleder. Kaufen Sie online oder besuchen Sie unser Gesch\u00e4ft in Amsterdam.","breadcrumb":{"@id":"https:\/\/www.luuks.nl\/de\/vibae-roma-bio-sand\/#breadcrumb"},"inLanguage":"de","potentialAction":[{"@type":"ReadAction","target":["https:\/\/www.luuks.nl\/de\/vibae-roma-bio-sand\/"]}]},{"@type":"ImageObject","inLanguage":"de","@id":"https:\/\/www.luuks.nl\/de\/vibae-roma-bio-sand\/#primaryimage","url":"https:\/\/www.luuks.nl\/wp-content\/uploads\/2026\/03\/VIBAe-Roma-suede-sand-0.jpg","contentUrl":"https:\/\/www.luuks.nl\/wp-content\/uploads\/2026\/03\/VIBAe-Roma-suede-sand-0.jpg","width":1000,"height":1000,"caption":"VIBAe Roma suede slipper sand"},{"@type":"BreadcrumbList","@id":"https:\/\/www.luuks.nl\/de\/vibae-roma-bio-sand\/#breadcrumb","itemListElement":[{"@type":"ListItem","position":1,"name":"Home","item":"https:\/\/www.luuks.nl\/de\/home\/"},{"@type":"ListItem","position":2,"name":"Shop","item":"https:\/\/www.luuks.nl\/de\/shop\/"},{"@type":"ListItem","position":3,"name":"VIBAe Roma suede slipper Bio Sand"}]},{"@type":"WebSite","@id":"https:\/\/www.luuks.nl\/#website","url":"https:\/\/www.luuks.nl\/","name":"LUUKS","description":"Voor schoen- en accessoire liefhebbers die kiezen voor stijl en kwaliteit","publisher":{"@id":"https:\/\/www.luuks.nl\/#organization"},"potentialAction":[{"@type":"SearchAction","target":{"@type":"EntryPoint","urlTemplate":"https:\/\/www.luuks.nl\/?s={search_term_string}"},"query-input":{"@type":"PropertyValueSpecification","valueRequired":true,"valueName":"search_term_string"}}],"inLanguage":"de"},{"@type":"Organization","@id":"https:\/\/www.luuks.nl\/#organization","name":"LUUKS","url":"https:\/\/www.luuks.nl\/","logo":{"@type":"ImageObject","inLanguage":"de","@id":"https:\/\/www.luuks.nl\/#\/schema\/logo\/image\/","url":"https:\/\/www.luuks.nl\/wp-content\/uploads\/2025\/11\/LUUKS_LOGO_Red.svg","contentUrl":"https:\/\/www.luuks.nl\/wp-content\/uploads\/2025\/11\/LUUKS_LOGO_Red.svg","caption":"LUUKS"},"image":{"@id":"https:\/\/www.luuks.nl\/#\/schema\/logo\/image\/"}}]}},"_links":{"self":[{"href":"https:\/\/www.luuks.nl\/de\/wp-json\/wp\/v2\/product\/22416","targetHints":{"allow":["GET"]}}],"collection":[{"href":"https:\/\/www.luuks.nl\/de\/wp-json\/wp\/v2\/product"}],"about":[{"href":"https:\/\/www.luuks.nl\/de\/wp-json\/wp\/v2\/types\/product"}],"wp:featuredmedia":[{"embeddable":true,"href":"https:\/\/www.luuks.nl\/de\/wp-json\/wp\/v2\/media\/22584"}],"wp:attachment":[{"href":"https:\/\/www.luuks.nl\/de\/wp-json\/wp\/v2\/media?parent=22416"}],"wp:term":[{"taxonomy":"product_brand","embeddable":true,"href":"https:\/\/www.luuks.nl\/de\/wp-json\/wp\/v2\/product_brand?post=22416"},{"taxonomy":"product_cat","embeddable":true,"href":"https:\/\/www.luuks.nl\/de\/wp-json\/wp\/v2\/product_cat?post=22416"},{"taxonomy":"product_tag","embeddable":true,"href":"https:\/\/www.luuks.nl\/de\/wp-json\/wp\/v2\/product_tag?post=22416"}],"curies":[{"name":"wp","href":"https:\/\/api.w.org\/{rel}","templated":true}]}}